{"id":1015,"date":"2024-06-03T12:24:53","date_gmt":"2024-06-03T10:24:53","guid":{"rendered":"https:\/\/informacionhotelancora.com\/cruises\/"},"modified":"2024-06-11T17:56:04","modified_gmt":"2024-06-11T15:56:04","slug":"cruises","status":"publish","type":"page","link":"https:\/\/informacionhotelancora.com\/cs\/cruises\/","title":{"rendered":"Plavby"},"content":{"rendered":"\t\t<div data-elementor-type=\"wp-page\" data-elementor-id=\"1015\" class=\"elementor elementor-1015 elementor-54\" data-elementor-post-type=\"page\">\n\t\t\t\t<div class=\"elementor-element elementor-element-0d0313f e-con-full e-flex e-con e-parent\" data-id=\"0d0313f\" data-element_type=\"container\" data-settings=\"{&quot;jet_parallax_layout_list&quot;:[]}\">\n\t\t<div class=\"elementor-element elementor-element-044bb63 e-con-full e-flex e-con e-child\" data-id=\"044bb63\" data-element_type=\"container\" data-settings=\"{&quot;background_background&quot;:&quot;classic&quot;,&quot;jet_parallax_layout_list&quot;:[]}\">\n\t\t\t\t<div class=\"elementor-element elementor-element-e556b3d elementor-widget elementor-widget-heading\" data-id=\"e556b3d\" data-element_type=\"widget\" data-widget_type=\"heading.default\">\n\t\t\t\t<div class=\"elementor-widget-container\">\n\t\t\t\t\t<h2 class=\"elementor-heading-title elementor-size-default\">Standardn\u00ed prohl\u00eddka<\/h2>\t\t\t\t<\/div>\n\t\t\t\t<\/div>\n\t\t<div class=\"elementor-element elementor-element-ef2c941 e-flex e-con-boxed e-con e-child\" data-id=\"ef2c941\" data-element_type=\"container\" data-settings=\"{&quot;jet_parallax_layout_list&quot;:[]}\">\n\t\t\t\t\t<div class=\"e-con-inner\">\n\t\t<div class=\"elementor-element elementor-element-80b2b31 e-flex e-con-boxed e-con e-child\" data-id=\"80b2b31\" data-element_type=\"container\" data-settings=\"{&quot;jet_parallax_layout_list&quot;:[]}\">\n\t\t\t\t\t<div class=\"e-con-inner\">\n\t\t\t\t<div class=\"elementor-element elementor-element-b8020fa elementor-widget elementor-widget-text-editor\" data-id=\"b8020fa\" data-element_type=\"widget\" data-widget_type=\"text-editor.default\">\n\t\t\t\t<div class=\"elementor-widget-container\">\n\t\t\t\t\t\t\t\t\t<p><strong>ODJEZD:  <\/strong><\/p>\n<p>P\u0159\u00edstav Fisterra (vedle ryb\u00e1\u0159sk\u00e9ho trhu)<\/p>\n<p><strong>TOUR:  <\/strong><\/p>\n<p>Hrad San Carlos, pl\u00e1\u017e Da Ribeira, Cala de Cabanas, h\u0159bitov C\u00e9sar Portela, mys Finisterre a pl\u00e1\u017e Langosteira.<\/p>\n<p><strong>ROZVRHY<\/strong><\/p>\n<p>\u010casy odjezd\u016f: 12:30 &#8211; 17:00<br \/>*D\u016fle\u017eit\u00e9 upozorn\u011bn\u00ed: P\u0159ij\u010fte 15 minut p\u0159ed odjezdem.<\/p>\n<p><strong>CENA<\/strong><\/p>\n<p>Dosp\u011bl\u00ed: 15\u20ac<br \/>D\u011bti od 4 do 13 let: 7 \u20ac<br \/>D\u011bti do 3 let: zdarma<br \/>*Cena za osobu<br \/><strong>TRV\u00c1N\u00cd<\/strong><\/p>\n<p>P\u0159ibli\u017en\u00e1 doba trv\u00e1n\u00ed: 1:30h<\/p>\n\t\t\t\t\t\t\t\t<\/div>\n\t\t\t\t<\/div>\n\t\t\t\t<div class=\"elementor-element elementor-element-8c8391e elementor-arrows-position-inside elementor-pagination-position-outside elementor-widget elementor-widget-image-carousel\" data-id=\"8c8391e\" data-element_type=\"widget\" data-settings=\"{&quot;slides_to_show&quot;:&quot;1&quot;,&quot;autoplay_speed&quot;:4000,&quot;navigation&quot;:&quot;both&quot;,&quot;autoplay&quot;:&quot;yes&quot;,&quot;pause_on_hover&quot;:&quot;yes&quot;,&quot;pause_on_interaction&quot;:&quot;yes&quot;,&quot;infinite&quot;:&quot;yes&quot;,&quot;effect&quot;:&quot;slide&quot;,&quot;speed&quot;:500}\" data-widget_type=\"image-carousel.default\">\n\t\t\t\t<div class=\"elementor-widget-container\">\n\t\t\t\t\t\t\t<div class=\"elementor-image-carousel-wrapper swiper\" role=\"region\" aria-roledescription=\"carousel\" aria-label=\"Obr\u00e1zkov\u00fd koloto\u010d\" dir=\"ltr\">\n\t\t\t<div class=\"elementor-image-carousel swiper-wrapper\" aria-live=\"off\">\n\t\t\t\t\t\t\t\t<div class=\"swiper-slide\" role=\"group\" aria-roledescription=\"slide\" aria-label=\"1 z 4\"><figure class=\"swiper-slide-inner\"><img decoding=\"async\" class=\"swiper-slide-image\" src=\"https:\/\/informacionhotelancora.com\/wp-content\/uploads\/2024\/06\/295822539_b.webp\" alt=\"295822539_b\" \/><\/figure><\/div><div class=\"swiper-slide\" role=\"group\" aria-roledescription=\"slide\" aria-label=\"2 z 4\"><figure class=\"swiper-slide-inner\"><img decoding=\"async\" class=\"swiper-slide-image\" src=\"https:\/\/informacionhotelancora.com\/wp-content\/uploads\/2024\/06\/363368299_b.webp\" alt=\"363368299_b\" \/><\/figure><\/div><div class=\"swiper-slide\" role=\"group\" aria-roledescription=\"slide\" aria-label=\"3 z 4\"><figure class=\"swiper-slide-inner\"><img decoding=\"async\" class=\"swiper-slide-image\" src=\"https:\/\/informacionhotelancora.com\/wp-content\/uploads\/2024\/06\/359412749_6519446908102855_165707913702403915_n-e1704975406650-1024x538-1.webp\" alt=\"359412749_6519446908102855_165707913702403915_n-e1704975406650-1024x538\" \/><\/figure><\/div><div class=\"swiper-slide\" role=\"group\" aria-roledescription=\"slide\" aria-label=\"4 z 4\"><figure class=\"swiper-slide-inner\"><img decoding=\"async\" class=\"swiper-slide-image\" src=\"https:\/\/informacionhotelancora.com\/wp-content\/uploads\/2024\/06\/357707058_b.webp\" alt=\"357707058_b\" \/><\/figure><\/div>\t\t\t<\/div>\n\t\t\t\t\t\t\t\t\t\t\t\t<div class=\"elementor-swiper-button elementor-swiper-button-prev\" role=\"button\" tabindex=\"0\">\n\t\t\t\t\t\t<svg aria-hidden=\"true\" class=\"e-font-icon-svg e-eicon-chevron-left\" viewBox=\"0 0 1000 1000\" xmlns=\"http:\/\/www.w3.org\/2000\/svg\"><path d=\"M646 125C629 125 613 133 604 142L308 442C296 454 292 471 292 487 292 504 296 521 308 533L604 854C617 867 629 875 646 875 663 875 679 871 692 858 704 846 713 829 713 812 713 796 708 779 692 767L438 487 692 225C700 217 708 204 708 187 708 171 704 154 692 142 675 129 663 125 646 125Z\"><\/path><\/svg>\t\t\t\t\t<\/div>\n\t\t\t\t\t<div class=\"elementor-swiper-button elementor-swiper-button-next\" role=\"button\" tabindex=\"0\">\n\t\t\t\t\t\t<svg aria-hidden=\"true\" class=\"e-font-icon-svg e-eicon-chevron-right\" viewBox=\"0 0 1000 1000\" xmlns=\"http:\/\/www.w3.org\/2000\/svg\"><path d=\"M696 533C708 521 713 504 713 487 713 471 708 454 696 446L400 146C388 133 375 125 354 125 338 125 325 129 313 142 300 154 292 171 292 187 292 204 296 221 308 233L563 492 304 771C292 783 288 800 288 817 288 833 296 850 308 863 321 871 338 875 354 875 371 875 388 867 400 854L696 533Z\"><\/path><\/svg>\t\t\t\t\t<\/div>\n\t\t\t\t\n\t\t\t\t\t\t\t\t\t<div class=\"swiper-pagination\"><\/div>\n\t\t\t\t\t\t\t\t\t<\/div>\n\t\t\t\t\t\t<\/div>\n\t\t\t\t<\/div>\n\t\t\t\t\t<\/div>\n\t\t\t\t<\/div>\n\t\t\t\t\t<\/div>\n\t\t\t\t<\/div>\n\t\t\t\t<\/div>\n\t\t<div class=\"elementor-element elementor-element-979ed65 e-con-full e-flex e-con e-child\" data-id=\"979ed65\" data-element_type=\"container\" data-settings=\"{&quot;background_background&quot;:&quot;classic&quot;,&quot;jet_parallax_layout_list&quot;:[]}\">\n\t\t\t\t<div class=\"elementor-element elementor-element-8b631ae elementor-widget elementor-widget-heading\" data-id=\"8b631ae\" data-element_type=\"widget\" data-widget_type=\"heading.default\">\n\t\t\t\t<div class=\"elementor-widget-container\">\n\t\t\t\t\t<h2 class=\"elementor-heading-title elementor-size-default\">Speci\u00e1ln\u00ed prohl\u00eddka<\/h2>\t\t\t\t<\/div>\n\t\t\t\t<\/div>\n\t\t<div class=\"elementor-element elementor-element-dbe7398 e-flex e-con-boxed e-con e-child\" data-id=\"dbe7398\" data-element_type=\"container\" data-settings=\"{&quot;jet_parallax_layout_list&quot;:[]}\">\n\t\t\t\t\t<div class=\"e-con-inner\">\n\t\t<div class=\"elementor-element elementor-element-c8b6853 e-flex e-con-boxed e-con e-child\" data-id=\"c8b6853\" data-element_type=\"container\" data-settings=\"{&quot;jet_parallax_layout_list&quot;:[]}\">\n\t\t\t\t\t<div class=\"e-con-inner\">\n\t\t\t\t<div class=\"elementor-element elementor-element-e2a999e elementor-widget elementor-widget-text-editor\" data-id=\"e2a999e\" data-element_type=\"widget\" data-widget_type=\"text-editor.default\">\n\t\t\t\t<div class=\"elementor-widget-container\">\n\t\t\t\t\t\t\t\t\t<p><strong>ODJEZD:<\/strong><\/p>\n<p>P\u0159\u00edstav Fisterra (vedle ryb\u00e1\u0159sk\u00e9ho trhu)<\/p>\n<p><strong>TOUR:<\/strong><\/p>\n<p>Pl\u00e1\u017e Langosteira, pl\u00e1\u017e Sardi\u00f1eiro, pl\u00e1\u017e Estorde, z\u00e1pad slunce na mysu Finisterre a n\u00e1vrat do p\u0159\u00edstavu.<\/p>\n<p><strong>\u010casov\u00fd rozvrh: Konzultovat<\/strong><\/p>\n<p>Vzhledem k c\u00edli trasy, viz z\u00e1pad slunce, se \u010dasy odjezd\u016f v pr\u016fb\u011bhu roku m\u011bn\u00ed.<br \/>*D\u016fle\u017eit\u00e9 upozorn\u011bn\u00ed: P\u0159ij\u010fte 1 hodinu p\u0159ed odjezdem<\/p>\n<p><strong>CENA<\/strong><\/p>\n<p>Dosp\u011bl\u00ed: 20 \u20ac<br \/>D\u011bti (do 13 let): \u20ac10<br \/>*Cena za osobu<\/p>\n<p><strong>TRV\u00c1N\u00cd<\/strong><\/p>\n<p>P\u0159ibli\u017en\u00e1 doba trv\u00e1n\u00ed: 2 hodiny<\/p>\n\t\t\t\t\t\t\t\t<\/div>\n\t\t\t\t<\/div>\n\t\t\t\t<div class=\"elementor-element elementor-element-cde1355 elementor-arrows-position-inside elementor-pagination-position-outside elementor-widget elementor-widget-image-carousel\" data-id=\"cde1355\" data-element_type=\"widget\" data-settings=\"{&quot;slides_to_show&quot;:&quot;1&quot;,&quot;autoplay_speed&quot;:4000,&quot;navigation&quot;:&quot;both&quot;,&quot;autoplay&quot;:&quot;yes&quot;,&quot;pause_on_hover&quot;:&quot;yes&quot;,&quot;pause_on_interaction&quot;:&quot;yes&quot;,&quot;infinite&quot;:&quot;yes&quot;,&quot;effect&quot;:&quot;slide&quot;,&quot;speed&quot;:500}\" data-widget_type=\"image-carousel.default\">\n\t\t\t\t<div class=\"elementor-widget-container\">\n\t\t\t\t\t\t\t<div class=\"elementor-image-carousel-wrapper swiper\" role=\"region\" aria-roledescription=\"carousel\" aria-label=\"Obr\u00e1zkov\u00fd koloto\u010d\" dir=\"ltr\">\n\t\t\t<div class=\"elementor-image-carousel swiper-wrapper\" aria-live=\"off\">\n\t\t\t\t\t\t\t\t<div class=\"swiper-slide\" role=\"group\" aria-roledescription=\"slide\" aria-label=\"1 z 4\"><figure class=\"swiper-slide-inner\"><img decoding=\"async\" class=\"swiper-slide-image\" src=\"https:\/\/informacionhotelancora.com\/wp-content\/uploads\/2024\/06\/374571412_b-e1704971505326.webp\" alt=\"374571412_b-e1704971505326\" \/><\/figure><\/div><div class=\"swiper-slide\" role=\"group\" aria-roledescription=\"slide\" aria-label=\"2 z 4\"><figure class=\"swiper-slide-inner\"><img decoding=\"async\" class=\"swiper-slide-image\" src=\"https:\/\/informacionhotelancora.com\/wp-content\/uploads\/2024\/06\/378187682_b-e1704971603105.webp\" alt=\"378187682_b-e1704971603105\" \/><\/figure><\/div><div class=\"swiper-slide\" role=\"group\" aria-roledescription=\"slide\" aria-label=\"3 z 4\"><figure class=\"swiper-slide-inner\"><img decoding=\"async\" class=\"swiper-slide-image\" src=\"https:\/\/informacionhotelancora.com\/wp-content\/uploads\/2024\/06\/370276475_b-e1704971477659.webp\" alt=\"370276475_b-e1704971477659\" \/><\/figure><\/div><div class=\"swiper-slide\" role=\"group\" aria-roledescription=\"slide\" aria-label=\"4 z 4\"><figure class=\"swiper-slide-inner\"><img decoding=\"async\" class=\"swiper-slide-image\" src=\"https:\/\/informacionhotelancora.com\/wp-content\/uploads\/2024\/06\/380690990_b-e1704971568732.webp\" alt=\"380690990_b-e1704971568732\" \/><\/figure><\/div>\t\t\t<\/div>\n\t\t\t\t\t\t\t\t\t\t\t\t<div class=\"elementor-swiper-button elementor-swiper-button-prev\" role=\"button\" tabindex=\"0\">\n\t\t\t\t\t\t<svg aria-hidden=\"true\" class=\"e-font-icon-svg e-eicon-chevron-left\" viewBox=\"0 0 1000 1000\" xmlns=\"http:\/\/www.w3.org\/2000\/svg\"><path d=\"M646 125C629 125 613 133 604 142L308 442C296 454 292 471 292 487 292 504 296 521 308 533L604 854C617 867 629 875 646 875 663 875 679 871 692 858 704 846 713 829 713 812 713 796 708 779 692 767L438 487 692 225C700 217 708 204 708 187 708 171 704 154 692 142 675 129 663 125 646 125Z\"><\/path><\/svg>\t\t\t\t\t<\/div>\n\t\t\t\t\t<div class=\"elementor-swiper-button elementor-swiper-button-next\" role=\"button\" tabindex=\"0\">\n\t\t\t\t\t\t<svg aria-hidden=\"true\" class=\"e-font-icon-svg e-eicon-chevron-right\" viewBox=\"0 0 1000 1000\" xmlns=\"http:\/\/www.w3.org\/2000\/svg\"><path d=\"M696 533C708 521 713 504 713 487 713 471 708 454 696 446L400 146C388 133 375 125 354 125 338 125 325 129 313 142 300 154 292 171 292 187 292 204 296 221 308 233L563 492 304 771C292 783 288 800 288 817 288 833 296 850 308 863 321 871 338 875 354 875 371 875 388 867 400 854L696 533Z\"><\/path><\/svg>\t\t\t\t\t<\/div>\n\t\t\t\t\n\t\t\t\t\t\t\t\t\t<div class=\"swiper-pagination\"><\/div>\n\t\t\t\t\t\t\t\t\t<\/div>\n\t\t\t\t\t\t<\/div>\n\t\t\t\t<\/div>\n\t\t\t\t\t<\/div>\n\t\t\t\t<\/div>\n\t\t\t\t\t<\/div>\n\t\t\t\t<\/div>\n\t\t\t\t<\/div>\n\t\t\t\t<\/div>\n\t\t<div class=\"elementor-element elementor-element-f7a1724 e-flex e-con-boxed e-con e-parent\" data-id=\"f7a1724\" data-element_type=\"container\" data-settings=\"{&quot;background_background&quot;:&quot;classic&quot;,&quot;jet_parallax_layout_list&quot;:[]}\">\n\t\t\t\t\t<div class=\"e-con-inner\">\n\t\t\t\t<div class=\"elementor-element elementor-element-3af3845 elementor-widget elementor-widget-heading\" data-id=\"3af3845\" data-element_type=\"widget\" data-widget_type=\"heading.default\">\n\t\t\t\t<div class=\"elementor-widget-container\">\n\t\t\t\t\t<h3 class=\"elementor-heading-title elementor-size-default\">M\u00e1te z\u00e1jem o tyto plavby?\nVy\u017e\u00e1dejte si informace na recepci<\/h3>\t\t\t\t<\/div>\n\t\t\t\t<\/div>\n\t\t\t\t\t<\/div>\n\t\t\t\t<\/div>\n\t\t\t\t<\/div>\n\t\t","protected":false},"excerpt":{"rendered":"<p>Standardn\u00ed prohl\u00eddka ODJEZD: P\u0159\u00edstav Fisterra (vedle ryb\u00e1\u0159sk\u00e9ho trhu) TOUR: Hrad San Carlos, pl\u00e1\u017e Da Ribeira, Cala de Cabanas, h\u0159bitov C\u00e9sar Portela, mys Finisterre a pl\u00e1\u017e Langosteira. ROZVRHY \u010casy odjezd\u016f: 12:30 &#8211; 17:00*D\u016fle\u017eit\u00e9 upozorn\u011bn\u00ed: P\u0159ij\u010fte 15 minut p\u0159ed odjezdem. CENA Dosp\u011bl\u00ed: 15\u20acD\u011bti od 4 do 13 let: 7 \u20acD\u011bti do 3 let: zdarma*Cena za osobuTRV\u00c1N\u00cd P\u0159ibli\u017en\u00e1 [&hellip;]<\/p>\n","protected":false},"author":1,"featured_media":1017,"parent":0,"menu_order":0,"comment_status":"closed","ping_status":"closed","template":"","meta":{"footnotes":""},"class_list":["post-1015","page","type-page","status-publish","has-post-thumbnail","hentry"],"_links":{"self":[{"href":"https:\/\/informacionhotelancora.com\/cs\/wp-json\/wp\/v2\/pages\/1015","targetHints":{"allow":["GET"]}}],"collection":[{"href":"https:\/\/informacionhotelancora.com\/cs\/wp-json\/wp\/v2\/pages"}],"about":[{"href":"https:\/\/informacionhotelancora.com\/cs\/wp-json\/wp\/v2\/types\/page"}],"author":[{"embeddable":true,"href":"https:\/\/informacionhotelancora.com\/cs\/wp-json\/wp\/v2\/users\/1"}],"replies":[{"embeddable":true,"href":"https:\/\/informacionhotelancora.com\/cs\/wp-json\/wp\/v2\/comments?post=1015"}],"version-history":[{"count":2,"href":"https:\/\/informacionhotelancora.com\/cs\/wp-json\/wp\/v2\/pages\/1015\/revisions"}],"predecessor-version":[{"id":1067,"href":"https:\/\/informacionhotelancora.com\/cs\/wp-json\/wp\/v2\/pages\/1015\/revisions\/1067"}],"wp:featuredmedia":[{"embeddable":true,"href":"https:\/\/informacionhotelancora.com\/cs\/wp-json\/wp\/v2\/media\/1017"}],"wp:attachment":[{"href":"https:\/\/informacionhotelancora.com\/cs\/wp-json\/wp\/v2\/media?parent=1015"}],"curies":[{"name":"wp","href":"https:\/\/api.w.org\/{rel}","templated":true}]}}