{"id":578,"date":"2024-06-06T17:27:42","date_gmt":"2024-06-06T15:27:42","guid":{"rendered":"https:\/\/informacionhotelancora.com\/buffet\/"},"modified":"2024-06-11T09:56:17","modified_gmt":"2024-06-11T07:56:17","slug":"buffet","status":"publish","type":"page","link":"https:\/\/informacionhotelancora.com\/cs\/buffet\/","title":{"rendered":"Buffet"},"content":{"rendered":"\t\t<div data-elementor-type=\"wp-page\" data-elementor-id=\"578\" class=\"elementor elementor-578 elementor-394\" data-elementor-post-type=\"page\">\n\t\t\t\t<div class=\"elementor-element elementor-element-af69544 e-con-full e-flex e-con e-parent\" data-id=\"af69544\" data-element_type=\"container\" data-settings=\"{&quot;jet_parallax_layout_list&quot;:[]}\">\n\t\t<div class=\"elementor-element elementor-element-7e16ec4 e-con-full e-flex e-con e-child\" data-id=\"7e16ec4\" data-element_type=\"container\" data-settings=\"{&quot;background_background&quot;:&quot;classic&quot;,&quot;jet_parallax_layout_list&quot;:[]}\">\n\t\t\t\t<div class=\"elementor-element elementor-element-8a49dab elementor-position-inline-start elementor-view-stacked elementor-shape-circle elementor-mobile-position-block-start elementor-widget elementor-widget-icon-box\" data-id=\"8a49dab\" data-element_type=\"widget\" data-widget_type=\"icon-box.default\">\n\t\t\t\t<div class=\"elementor-widget-container\">\n\t\t\t\t\t\t\t<div class=\"elementor-icon-box-wrapper\">\n\n\t\t\t\t\t\t<div class=\"elementor-icon-box-icon\">\n\t\t\t\t<span  class=\"elementor-icon\">\n\t\t\t\t<svg aria-hidden=\"true\" class=\"e-font-icon-svg e-fas-coffee\" viewBox=\"0 0 640 512\" xmlns=\"http:\/\/www.w3.org\/2000\/svg\"><path d=\"M192 384h192c53 0 96-43 96-96h32c70.6 0 128-57.4 128-128S582.6 32 512 32H120c-13.3 0-24 10.7-24 24v232c0 53 43 96 96 96zM512 96c35.3 0 64 28.7 64 64s-28.7 64-64 64h-32V96h32zm47.7 384H48.3c-47.6 0-61-64-36-64h583.3c25 0 11.8 64-35.9 64z\"><\/path><\/svg>\t\t\t\t<\/span>\n\t\t\t<\/div>\n\t\t\t\n\t\t\t\t\t\t<div class=\"elementor-icon-box-content\">\n\n\t\t\t\t\t\t\t\t\t<h3 class=\"elementor-icon-box-title\">\n\t\t\t\t\t\t<span  >\n\t\t\t\t\t\t\tBuffet\t\t\t\t\t\t<\/span>\n\t\t\t\t\t<\/h3>\n\t\t\t\t\n\t\t\t\t\n\t\t\t<\/div>\n\t\t\t\n\t\t<\/div>\n\t\t\t\t\t\t<\/div>\n\t\t\t\t<\/div>\n\t\t\t\t<div class=\"elementor-element elementor-element-36fb4bb elementor-widget elementor-widget-text-editor\" data-id=\"36fb4bb\" data-element_type=\"widget\" data-widget_type=\"text-editor.default\">\n\t\t\t\t<div class=\"elementor-widget-container\">\n\t\t\t\t\t\t\t\t\t<p>Za p\u0159\u00edplatek 7,80 \u20ac se pod\u00e1v\u00e1 sn\u00eddan\u011b formou bufetu.<b> P\u0159i check-inu je nutn\u00e9 po\u017e\u00e1dat o sn\u00eddani. Chcete-li kontaktovat recepci, stiskn\u011bte pros\u00edm 9.<\/b><\/p>\n<p><strong>V bufetu najdete:<\/strong><br \/>Klob\u00e1sa<br \/>Omeletov\u00e1, k\u00e1va<br \/>\u0160\u0165\u00e1vy<br \/>P\u0159\u00edpitek<br \/>V\u00edde\u0148sk\u00e9 pe\u010divo<br \/>Obiloviny<br \/>O\u0159echy a su\u0161en\u00e9 ovoce<br \/>Ovoce<br \/>Pala\u010dinky atd..<\/p>\n\t\t\t\t\t\t\t\t<\/div>\n\t\t\t\t<\/div>\n\t\t\t\t<\/div>\n\t\t\t\t<\/div>\n\t\t<div class=\"elementor-element elementor-element-6a5eafe e-con-full e-flex e-con e-parent\" data-id=\"6a5eafe\" data-element_type=\"container\" data-settings=\"{&quot;jet_parallax_layout_list&quot;:[]}\">\n\t\t\t\t<div class=\"elementor-element elementor-element-c2dc667 elementor-widget elementor-widget-gallery\" data-id=\"c2dc667\" data-element_type=\"widget\" data-settings=\"{&quot;lazyload&quot;:&quot;yes&quot;,&quot;gallery_layout&quot;:&quot;grid&quot;,&quot;columns&quot;:4,&quot;columns_tablet&quot;:2,&quot;columns_mobile&quot;:1,&quot;gap&quot;:{&quot;unit&quot;:&quot;px&quot;,&quot;size&quot;:10,&quot;sizes&quot;:[]},&quot;gap_tablet&quot;:{&quot;unit&quot;:&quot;px&quot;,&quot;size&quot;:10,&quot;sizes&quot;:[]},&quot;gap_mobile&quot;:{&quot;unit&quot;:&quot;px&quot;,&quot;size&quot;:10,&quot;sizes&quot;:[]},&quot;link_to&quot;:&quot;file&quot;,&quot;aspect_ratio&quot;:&quot;3:2&quot;,&quot;overlay_background&quot;:&quot;yes&quot;,&quot;content_hover_animation&quot;:&quot;fade-in&quot;}\" data-widget_type=\"gallery.default\">\n\t\t\t\t<div class=\"elementor-widget-container\">\n\t\t\t\t\t\t\t<div class=\"elementor-gallery__container\">\n\t\t\t\t\t\t\t<a class=\"e-gallery-item elementor-gallery-item elementor-animated-content\" href=\"https:\/\/informacionhotelancora.com\/wp-content\/uploads\/2024\/06\/buffet2.jpg\" data-elementor-open-lightbox=\"yes\" data-elementor-lightbox-slideshow=\"c2dc667\" data-elementor-lightbox-title=\"buffet2\" data-e-action-hash=\"#elementor-action%3Aaction%3Dlightbox%26settings%3DeyJpZCI6NTIzLCJ1cmwiOiJodHRwczpcL1wvaW5mb3JtYWNpb25ob3RlbGFuY29yYS5jb21cL3dwLWNvbnRlbnRcL3VwbG9hZHNcLzIwMjRcLzA2XC9idWZmZXQyLmpwZyIsInNsaWRlc2hvdyI6ImMyZGM2NjcifQ%3D%3D\">\n\t\t\t\t\t<div class=\"e-gallery-image elementor-gallery-item__image\" data-thumbnail=\"https:\/\/informacionhotelancora.com\/wp-content\/uploads\/2024\/06\/buffet2-768x576.jpg\" data-width=\"768\" data-height=\"576\" aria-label=\"\" role=\"img\" ><\/div>\n\t\t\t\t\t\t\t\t\t\t\t<div class=\"elementor-gallery-item__overlay\"><\/div>\n\t\t\t\t\t\t\t\t\t\t\t\t\t\t<\/a>\n\t\t\t\t\t\t\t<a class=\"e-gallery-item elementor-gallery-item elementor-animated-content\" href=\"https:\/\/informacionhotelancora.com\/wp-content\/uploads\/2024\/06\/buffet6.jpg\" data-elementor-open-lightbox=\"yes\" data-elementor-lightbox-slideshow=\"c2dc667\" data-elementor-lightbox-title=\"buffet6\" data-e-action-hash=\"#elementor-action%3Aaction%3Dlightbox%26settings%3DeyJpZCI6NTMxLCJ1cmwiOiJodHRwczpcL1wvaW5mb3JtYWNpb25ob3RlbGFuY29yYS5jb21cL3dwLWNvbnRlbnRcL3VwbG9hZHNcLzIwMjRcLzA2XC9idWZmZXQ2LmpwZyIsInNsaWRlc2hvdyI6ImMyZGM2NjcifQ%3D%3D\">\n\t\t\t\t\t<div class=\"e-gallery-image elementor-gallery-item__image\" data-thumbnail=\"https:\/\/informacionhotelancora.com\/wp-content\/uploads\/2024\/06\/buffet6-768x576.jpg\" data-width=\"768\" data-height=\"576\" aria-label=\"\" role=\"img\" ><\/div>\n\t\t\t\t\t\t\t\t\t\t\t<div class=\"elementor-gallery-item__overlay\"><\/div>\n\t\t\t\t\t\t\t\t\t\t\t\t\t\t<\/a>\n\t\t\t\t\t\t\t<a class=\"e-gallery-item elementor-gallery-item elementor-animated-content\" href=\"https:\/\/informacionhotelancora.com\/wp-content\/uploads\/2024\/06\/buffet4.jpg\" data-elementor-open-lightbox=\"yes\" data-elementor-lightbox-slideshow=\"c2dc667\" data-elementor-lightbox-title=\"buffet4\" data-e-action-hash=\"#elementor-action%3Aaction%3Dlightbox%26settings%3DeyJpZCI6NTI3LCJ1cmwiOiJodHRwczpcL1wvaW5mb3JtYWNpb25ob3RlbGFuY29yYS5jb21cL3dwLWNvbnRlbnRcL3VwbG9hZHNcLzIwMjRcLzA2XC9idWZmZXQ0LmpwZyIsInNsaWRlc2hvdyI6ImMyZGM2NjcifQ%3D%3D\">\n\t\t\t\t\t<div class=\"e-gallery-image elementor-gallery-item__image\" data-thumbnail=\"https:\/\/informacionhotelancora.com\/wp-content\/uploads\/2024\/06\/buffet4-768x576.jpg\" data-width=\"768\" data-height=\"576\" aria-label=\"\" role=\"img\" ><\/div>\n\t\t\t\t\t\t\t\t\t\t\t<div class=\"elementor-gallery-item__overlay\"><\/div>\n\t\t\t\t\t\t\t\t\t\t\t\t\t\t<\/a>\n\t\t\t\t\t\t\t<a class=\"e-gallery-item elementor-gallery-item elementor-animated-content\" href=\"https:\/\/informacionhotelancora.com\/wp-content\/uploads\/2024\/06\/buffet10.jpg\" data-elementor-open-lightbox=\"yes\" data-elementor-lightbox-slideshow=\"c2dc667\" data-elementor-lightbox-title=\"buffet10\" data-e-action-hash=\"#elementor-action%3Aaction%3Dlightbox%26settings%3DeyJpZCI6NTM5LCJ1cmwiOiJodHRwczpcL1wvaW5mb3JtYWNpb25ob3RlbGFuY29yYS5jb21cL3dwLWNvbnRlbnRcL3VwbG9hZHNcLzIwMjRcLzA2XC9idWZmZXQxMC5qcGciLCJzbGlkZXNob3ciOiJjMmRjNjY3In0%3D\">\n\t\t\t\t\t<div class=\"e-gallery-image elementor-gallery-item__image\" data-thumbnail=\"https:\/\/informacionhotelancora.com\/wp-content\/uploads\/2024\/06\/buffet10-768x1024.jpg\" data-width=\"768\" data-height=\"1024\" aria-label=\"\" role=\"img\" ><\/div>\n\t\t\t\t\t\t\t\t\t\t\t<div class=\"elementor-gallery-item__overlay\"><\/div>\n\t\t\t\t\t\t\t\t\t\t\t\t\t\t<\/a>\n\t\t\t\t\t\t\t<a class=\"e-gallery-item elementor-gallery-item elementor-animated-content\" href=\"https:\/\/informacionhotelancora.com\/wp-content\/uploads\/2024\/06\/buffet1.jpg\" data-elementor-open-lightbox=\"yes\" data-elementor-lightbox-slideshow=\"c2dc667\" data-elementor-lightbox-title=\"buffet1\" data-e-action-hash=\"#elementor-action%3Aaction%3Dlightbox%26settings%3DeyJpZCI6NTIxLCJ1cmwiOiJodHRwczpcL1wvaW5mb3JtYWNpb25ob3RlbGFuY29yYS5jb21cL3dwLWNvbnRlbnRcL3VwbG9hZHNcLzIwMjRcLzA2XC9idWZmZXQxLmpwZyIsInNsaWRlc2hvdyI6ImMyZGM2NjcifQ%3D%3D\">\n\t\t\t\t\t<div class=\"e-gallery-image elementor-gallery-item__image\" data-thumbnail=\"https:\/\/informacionhotelancora.com\/wp-content\/uploads\/2024\/06\/buffet1-768x576.jpg\" data-width=\"768\" data-height=\"576\" aria-label=\"\" role=\"img\" ><\/div>\n\t\t\t\t\t\t\t\t\t\t\t<div class=\"elementor-gallery-item__overlay\"><\/div>\n\t\t\t\t\t\t\t\t\t\t\t\t\t\t<\/a>\n\t\t\t\t\t\t\t<a class=\"e-gallery-item elementor-gallery-item elementor-animated-content\" href=\"https:\/\/informacionhotelancora.com\/wp-content\/uploads\/2024\/06\/buffet11.jpg\" data-elementor-open-lightbox=\"yes\" data-elementor-lightbox-slideshow=\"c2dc667\" data-elementor-lightbox-title=\"buffet11\" data-e-action-hash=\"#elementor-action%3Aaction%3Dlightbox%26settings%3DeyJpZCI6NTQyLCJ1cmwiOiJodHRwczpcL1wvaW5mb3JtYWNpb25ob3RlbGFuY29yYS5jb21cL3dwLWNvbnRlbnRcL3VwbG9hZHNcLzIwMjRcLzA2XC9idWZmZXQxMS5qcGciLCJzbGlkZXNob3ciOiJjMmRjNjY3In0%3D\">\n\t\t\t\t\t<div class=\"e-gallery-image elementor-gallery-item__image\" data-thumbnail=\"https:\/\/informacionhotelancora.com\/wp-content\/uploads\/2024\/06\/buffet11-768x576.jpg\" data-width=\"768\" data-height=\"576\" aria-label=\"\" role=\"img\" ><\/div>\n\t\t\t\t\t\t\t\t\t\t\t<div class=\"elementor-gallery-item__overlay\"><\/div>\n\t\t\t\t\t\t\t\t\t\t\t\t\t\t<\/a>\n\t\t\t\t\t\t\t<a class=\"e-gallery-item elementor-gallery-item elementor-animated-content\" href=\"https:\/\/informacionhotelancora.com\/wp-content\/uploads\/2024\/06\/buffet9.jpg\" data-elementor-open-lightbox=\"yes\" data-elementor-lightbox-slideshow=\"c2dc667\" data-elementor-lightbox-title=\"buffet9\" data-e-action-hash=\"#elementor-action%3Aaction%3Dlightbox%26settings%3DeyJpZCI6NTM3LCJ1cmwiOiJodHRwczpcL1wvaW5mb3JtYWNpb25ob3RlbGFuY29yYS5jb21cL3dwLWNvbnRlbnRcL3VwbG9hZHNcLzIwMjRcLzA2XC9idWZmZXQ5LmpwZyIsInNsaWRlc2hvdyI6ImMyZGM2NjcifQ%3D%3D\">\n\t\t\t\t\t<div class=\"e-gallery-image elementor-gallery-item__image\" data-thumbnail=\"https:\/\/informacionhotelancora.com\/wp-content\/uploads\/2024\/06\/buffet9-768x1024.jpg\" data-width=\"768\" data-height=\"1024\" aria-label=\"\" role=\"img\" ><\/div>\n\t\t\t\t\t\t\t\t\t\t\t<div class=\"elementor-gallery-item__overlay\"><\/div>\n\t\t\t\t\t\t\t\t\t\t\t\t\t\t<\/a>\n\t\t\t\t\t\t\t<a class=\"e-gallery-item elementor-gallery-item elementor-animated-content\" href=\"https:\/\/informacionhotelancora.com\/wp-content\/uploads\/2024\/06\/buffet3.jpg\" data-elementor-open-lightbox=\"yes\" data-elementor-lightbox-slideshow=\"c2dc667\" data-elementor-lightbox-title=\"buffet3\" data-e-action-hash=\"#elementor-action%3Aaction%3Dlightbox%26settings%3DeyJpZCI6NTI1LCJ1cmwiOiJodHRwczpcL1wvaW5mb3JtYWNpb25ob3RlbGFuY29yYS5jb21cL3dwLWNvbnRlbnRcL3VwbG9hZHNcLzIwMjRcLzA2XC9idWZmZXQzLmpwZyIsInNsaWRlc2hvdyI6ImMyZGM2NjcifQ%3D%3D\">\n\t\t\t\t\t<div class=\"e-gallery-image elementor-gallery-item__image\" data-thumbnail=\"https:\/\/informacionhotelancora.com\/wp-content\/uploads\/2024\/06\/buffet3-768x576.jpg\" data-width=\"768\" data-height=\"576\" aria-label=\"\" role=\"img\" ><\/div>\n\t\t\t\t\t\t\t\t\t\t\t<div class=\"elementor-gallery-item__overlay\"><\/div>\n\t\t\t\t\t\t\t\t\t\t\t\t\t\t<\/a>\n\t\t\t\t\t\t\t<a class=\"e-gallery-item elementor-gallery-item elementor-animated-content\" href=\"https:\/\/informacionhotelancora.com\/wp-content\/uploads\/2024\/06\/buffet7.jpg\" data-elementor-open-lightbox=\"yes\" data-elementor-lightbox-slideshow=\"c2dc667\" data-elementor-lightbox-title=\"buffet7\" data-e-action-hash=\"#elementor-action%3Aaction%3Dlightbox%26settings%3DeyJpZCI6NTMzLCJ1cmwiOiJodHRwczpcL1wvaW5mb3JtYWNpb25ob3RlbGFuY29yYS5jb21cL3dwLWNvbnRlbnRcL3VwbG9hZHNcLzIwMjRcLzA2XC9idWZmZXQ3LmpwZyIsInNsaWRlc2hvdyI6ImMyZGM2NjcifQ%3D%3D\">\n\t\t\t\t\t<div class=\"e-gallery-image elementor-gallery-item__image\" data-thumbnail=\"https:\/\/informacionhotelancora.com\/wp-content\/uploads\/2024\/06\/buffet7-768x576.jpg\" data-width=\"768\" data-height=\"576\" aria-label=\"\" role=\"img\" ><\/div>\n\t\t\t\t\t\t\t\t\t\t\t<div class=\"elementor-gallery-item__overlay\"><\/div>\n\t\t\t\t\t\t\t\t\t\t\t\t\t\t<\/a>\n\t\t\t\t\t\t\t<a class=\"e-gallery-item elementor-gallery-item elementor-animated-content\" href=\"https:\/\/informacionhotelancora.com\/wp-content\/uploads\/2024\/06\/buffet8.jpg\" data-elementor-open-lightbox=\"yes\" data-elementor-lightbox-slideshow=\"c2dc667\" data-elementor-lightbox-title=\"buffet8\" data-e-action-hash=\"#elementor-action%3Aaction%3Dlightbox%26settings%3DeyJpZCI6NTM1LCJ1cmwiOiJodHRwczpcL1wvaW5mb3JtYWNpb25ob3RlbGFuY29yYS5jb21cL3dwLWNvbnRlbnRcL3VwbG9hZHNcLzIwMjRcLzA2XC9idWZmZXQ4LmpwZyIsInNsaWRlc2hvdyI6ImMyZGM2NjcifQ%3D%3D\">\n\t\t\t\t\t<div class=\"e-gallery-image elementor-gallery-item__image\" data-thumbnail=\"https:\/\/informacionhotelancora.com\/wp-content\/uploads\/2024\/06\/buffet8-768x576.jpg\" data-width=\"768\" data-height=\"576\" aria-label=\"\" role=\"img\" ><\/div>\n\t\t\t\t\t\t\t\t\t\t\t<div class=\"elementor-gallery-item__overlay\"><\/div>\n\t\t\t\t\t\t\t\t\t\t\t\t\t\t<\/a>\n\t\t\t\t\t\t\t<a class=\"e-gallery-item elementor-gallery-item elementor-animated-content\" href=\"https:\/\/informacionhotelancora.com\/wp-content\/uploads\/2024\/06\/buffet5.jpg\" data-elementor-open-lightbox=\"yes\" data-elementor-lightbox-slideshow=\"c2dc667\" data-elementor-lightbox-title=\"buffet5\" data-e-action-hash=\"#elementor-action%3Aaction%3Dlightbox%26settings%3DeyJpZCI6NTI5LCJ1cmwiOiJodHRwczpcL1wvaW5mb3JtYWNpb25ob3RlbGFuY29yYS5jb21cL3dwLWNvbnRlbnRcL3VwbG9hZHNcLzIwMjRcLzA2XC9idWZmZXQ1LmpwZyIsInNsaWRlc2hvdyI6ImMyZGM2NjcifQ%3D%3D\">\n\t\t\t\t\t<div class=\"e-gallery-image elementor-gallery-item__image\" data-thumbnail=\"https:\/\/informacionhotelancora.com\/wp-content\/uploads\/2024\/06\/buffet5-768x576.jpg\" data-width=\"768\" data-height=\"576\" aria-label=\"\" role=\"img\" ><\/div>\n\t\t\t\t\t\t\t\t\t\t\t<div class=\"elementor-gallery-item__overlay\"><\/div>\n\t\t\t\t\t\t\t\t\t\t\t\t\t\t<\/a>\n\t\t\t\t\t<\/div>\n\t\t\t\t\t<\/div>\n\t\t\t\t<\/div>\n\t\t\t\t<\/div>\n\t\t\t\t<\/div>\n\t\t","protected":false},"excerpt":{"rendered":"<p>Buffet Za p\u0159\u00edplatek 7,80 \u20ac se pod\u00e1v\u00e1 sn\u00eddan\u011b formou bufetu. P\u0159i check-inu je nutn\u00e9 po\u017e\u00e1dat o sn\u00eddani. Chcete-li kontaktovat recepci, stiskn\u011bte pros\u00edm 9. V bufetu najdete:Klob\u00e1saOmeletov\u00e1, k\u00e1va\u0160\u0165\u00e1vyP\u0159\u00edpitekV\u00edde\u0148sk\u00e9 pe\u010divoObilovinyO\u0159echy a su\u0161en\u00e9 ovoceOvocePala\u010dinky atd..<\/p>\n","protected":false},"author":1,"featured_media":580,"parent":0,"menu_order":0,"comment_status":"closed","ping_status":"closed","template":"","meta":{"footnotes":""},"class_list":["post-578","page","type-page","status-publish","has-post-thumbnail","hentry"],"_links":{"self":[{"href":"https:\/\/informacionhotelancora.com\/cs\/wp-json\/wp\/v2\/pages\/578","targetHints":{"allow":["GET"]}}],"collection":[{"href":"https:\/\/informacionhotelancora.com\/cs\/wp-json\/wp\/v2\/pages"}],"about":[{"href":"https:\/\/informacionhotelancora.com\/cs\/wp-json\/wp\/v2\/types\/page"}],"author":[{"embeddable":true,"href":"https:\/\/informacionhotelancora.com\/cs\/wp-json\/wp\/v2\/users\/1"}],"replies":[{"embeddable":true,"href":"https:\/\/informacionhotelancora.com\/cs\/wp-json\/wp\/v2\/comments?post=578"}],"version-history":[{"count":2,"href":"https:\/\/informacionhotelancora.com\/cs\/wp-json\/wp\/v2\/pages\/578\/revisions"}],"predecessor-version":[{"id":641,"href":"https:\/\/informacionhotelancora.com\/cs\/wp-json\/wp\/v2\/pages\/578\/revisions\/641"}],"wp:featuredmedia":[{"embeddable":true,"href":"https:\/\/informacionhotelancora.com\/cs\/wp-json\/wp\/v2\/media\/580"}],"wp:attachment":[{"href":"https:\/\/informacionhotelancora.com\/cs\/wp-json\/wp\/v2\/media?parent=578"}],"curies":[{"name":"wp","href":"https:\/\/api.w.org\/{rel}","templated":true}]}}