{"id":1189,"date":"2024-06-06T17:46:38","date_gmt":"2024-06-06T15:46:38","guid":{"rendered":"https:\/\/informacionhotelancora.com\/free-kitchen-and-living-room\/"},"modified":"2024-06-12T13:38:43","modified_gmt":"2024-06-12T11:38:43","slug":"free-kitchen-and-living-room","status":"publish","type":"page","link":"https:\/\/informacionhotelancora.com\/de\/free-kitchen-and-living-room\/","title":{"rendered":"Freie K\u00fcche und Wohnzimmer"},"content":{"rendered":"\t\t<div data-elementor-type=\"wp-page\" data-elementor-id=\"1189\" class=\"elementor elementor-1189 elementor-432\" data-elementor-post-type=\"page\">\n\t\t\t\t<div class=\"elementor-element elementor-element-e5fc564 e-con-full e-flex e-con e-parent\" data-id=\"e5fc564\" data-element_type=\"container\" data-settings=\"{&quot;jet_parallax_layout_list&quot;:[]}\">\n\t\t<div class=\"elementor-element elementor-element-3a3ead8 e-con-full e-flex e-con e-child\" data-id=\"3a3ead8\" data-element_type=\"container\" data-settings=\"{&quot;background_background&quot;:&quot;classic&quot;,&quot;jet_parallax_layout_list&quot;:[]}\">\n\t\t\t\t<div class=\"elementor-element elementor-element-cef332c elementor-position-inline-start elementor-view-stacked elementor-shape-circle elementor-mobile-position-block-start elementor-widget elementor-widget-icon-box\" data-id=\"cef332c\" data-element_type=\"widget\" data-widget_type=\"icon-box.default\">\n\t\t\t\t<div class=\"elementor-widget-container\">\n\t\t\t\t\t\t\t<div class=\"elementor-icon-box-wrapper\">\n\n\t\t\t\t\t\t<div class=\"elementor-icon-box-icon\">\n\t\t\t\t<a href=\"https:\/\/informacionhotelancora.com\/de\/taxi\/\" class=\"elementor-icon\" tabindex=\"-1\" aria-label=\"Freie K\u00fcche und Wohnzimmer f\u00fcr Kunden\">\n\t\t\t\t<svg aria-hidden=\"true\" class=\"e-font-icon-svg e-fas-tv\" viewBox=\"0 0 640 512\" xmlns=\"http:\/\/www.w3.org\/2000\/svg\"><path d=\"M592 0H48A48 48 0 0 0 0 48v320a48 48 0 0 0 48 48h240v32H112a16 16 0 0 0-16 16v32a16 16 0 0 0 16 16h416a16 16 0 0 0 16-16v-32a16 16 0 0 0-16-16H352v-32h240a48 48 0 0 0 48-48V48a48 48 0 0 0-48-48zm-16 352H64V64h512z\"><\/path><\/svg>\t\t\t\t<\/a>\n\t\t\t<\/div>\n\t\t\t\n\t\t\t\t\t\t<div class=\"elementor-icon-box-content\">\n\n\t\t\t\t\t\t\t\t\t<h3 class=\"elementor-icon-box-title\">\n\t\t\t\t\t\t<a href=\"https:\/\/informacionhotelancora.com\/de\/taxi\/\" >\n\t\t\t\t\t\t\tFreie K\u00fcche und Wohnzimmer f\u00fcr Kunden\t\t\t\t\t\t<\/a>\n\t\t\t\t\t<\/h3>\n\t\t\t\t\n\t\t\t\t\n\t\t\t<\/div>\n\t\t\t\n\t\t<\/div>\n\t\t\t\t\t\t<\/div>\n\t\t\t\t<\/div>\n\t\t\t\t<div class=\"elementor-element elementor-element-943a357 elementor-widget elementor-widget-text-editor\" data-id=\"943a357\" data-element_type=\"widget\" data-widget_type=\"text-editor.default\">\n\t\t\t\t<div class=\"elementor-widget-container\">\n\t\t\t\t\t\t\t\t\t<p>Wir haben eine K\u00fcche und ein Wohnzimmer, die f\u00fcr unsere Kunden kostenlos sind.  <br \/>Sie k\u00f6nnen es im zweiten Stock des Hotels erreichen<\/p>\n\t\t\t\t\t\t\t\t<\/div>\n\t\t\t\t<\/div>\n\t\t\t\t<\/div>\n\t\t\t\t<\/div>\n\t\t<div class=\"elementor-element elementor-element-59100c9 e-con-full e-flex e-con e-parent\" data-id=\"59100c9\" data-element_type=\"container\" data-settings=\"{&quot;jet_parallax_layout_list&quot;:[]}\">\n\t\t\t\t<div class=\"elementor-element elementor-element-4673d4b elementor-widget elementor-widget-gallery\" data-id=\"4673d4b\" data-element_type=\"widget\" data-settings=\"{&quot;columns&quot;:3,&quot;lazyload&quot;:&quot;yes&quot;,&quot;gallery_layout&quot;:&quot;grid&quot;,&quot;columns_tablet&quot;:2,&quot;columns_mobile&quot;:1,&quot;gap&quot;:{&quot;unit&quot;:&quot;px&quot;,&quot;size&quot;:10,&quot;sizes&quot;:[]},&quot;gap_tablet&quot;:{&quot;unit&quot;:&quot;px&quot;,&quot;size&quot;:10,&quot;sizes&quot;:[]},&quot;gap_mobile&quot;:{&quot;unit&quot;:&quot;px&quot;,&quot;size&quot;:10,&quot;sizes&quot;:[]},&quot;link_to&quot;:&quot;file&quot;,&quot;aspect_ratio&quot;:&quot;3:2&quot;,&quot;overlay_background&quot;:&quot;yes&quot;,&quot;content_hover_animation&quot;:&quot;fade-in&quot;}\" data-widget_type=\"gallery.default\">\n\t\t\t\t<div class=\"elementor-widget-container\">\n\t\t\t\t\t\t\t<div class=\"elementor-gallery__container\">\n\t\t\t\t\t\t\t<a class=\"e-gallery-item elementor-gallery-item elementor-animated-content\" href=\"https:\/\/informacionhotelancora.com\/wp-content\/uploads\/2024\/06\/linving-room4.webp\" data-elementor-open-lightbox=\"yes\" data-elementor-lightbox-slideshow=\"4673d4b\" data-elementor-lightbox-title=\"linving-room4\" data-e-action-hash=\"#elementor-action%3Aaction%3Dlightbox%26settings%3DeyJpZCI6MTM0NSwidXJsIjoiaHR0cHM6XC9cL2luZm9ybWFjaW9uaG90ZWxhbmNvcmEuY29tXC93cC1jb250ZW50XC91cGxvYWRzXC8yMDI0XC8wNlwvbGludmluZy1yb29tNC53ZWJwIiwic2xpZGVzaG93IjoiNDY3M2Q0YiJ9\">\n\t\t\t\t\t<div class=\"e-gallery-image elementor-gallery-item__image\" data-thumbnail=\"https:\/\/informacionhotelancora.com\/wp-content\/uploads\/2024\/06\/linving-room4-768x1152.webp\" data-width=\"768\" data-height=\"1152\" aria-label=\"\" role=\"img\" ><\/div>\n\t\t\t\t\t\t\t\t\t\t\t<div class=\"elementor-gallery-item__overlay\"><\/div>\n\t\t\t\t\t\t\t\t\t\t\t\t\t\t<\/a>\n\t\t\t\t\t\t\t<a class=\"e-gallery-item elementor-gallery-item elementor-animated-content\" href=\"https:\/\/informacionhotelancora.com\/wp-content\/uploads\/2024\/06\/linving-room5.webp\" data-elementor-open-lightbox=\"yes\" data-elementor-lightbox-slideshow=\"4673d4b\" data-elementor-lightbox-title=\"linving-room5\" data-e-action-hash=\"#elementor-action%3Aaction%3Dlightbox%26settings%3DeyJpZCI6MTMyOSwidXJsIjoiaHR0cHM6XC9cL2luZm9ybWFjaW9uaG90ZWxhbmNvcmEuY29tXC93cC1jb250ZW50XC91cGxvYWRzXC8yMDI0XC8wNlwvbGludmluZy1yb29tNS53ZWJwIiwic2xpZGVzaG93IjoiNDY3M2Q0YiJ9\">\n\t\t\t\t\t<div class=\"e-gallery-image elementor-gallery-item__image\" data-thumbnail=\"https:\/\/informacionhotelancora.com\/wp-content\/uploads\/2024\/06\/linving-room5-768x512.webp\" data-width=\"768\" data-height=\"512\" aria-label=\"\" role=\"img\" ><\/div>\n\t\t\t\t\t\t\t\t\t\t\t<div class=\"elementor-gallery-item__overlay\"><\/div>\n\t\t\t\t\t\t\t\t\t\t\t\t\t\t<\/a>\n\t\t\t\t\t\t\t<a class=\"e-gallery-item elementor-gallery-item elementor-animated-content\" href=\"https:\/\/informacionhotelancora.com\/wp-content\/uploads\/2024\/06\/linving-room3.webp\" data-elementor-open-lightbox=\"yes\" data-elementor-lightbox-slideshow=\"4673d4b\" data-elementor-lightbox-title=\"linving-room3\" data-e-action-hash=\"#elementor-action%3Aaction%3Dlightbox%26settings%3DeyJpZCI6MTM2MSwidXJsIjoiaHR0cHM6XC9cL2luZm9ybWFjaW9uaG90ZWxhbmNvcmEuY29tXC93cC1jb250ZW50XC91cGxvYWRzXC8yMDI0XC8wNlwvbGludmluZy1yb29tMy53ZWJwIiwic2xpZGVzaG93IjoiNDY3M2Q0YiJ9\">\n\t\t\t\t\t<div class=\"e-gallery-image elementor-gallery-item__image\" data-thumbnail=\"https:\/\/informacionhotelancora.com\/wp-content\/uploads\/2024\/06\/linving-room3-768x512.webp\" data-width=\"768\" data-height=\"512\" aria-label=\"\" role=\"img\" ><\/div>\n\t\t\t\t\t\t\t\t\t\t\t<div class=\"elementor-gallery-item__overlay\"><\/div>\n\t\t\t\t\t\t\t\t\t\t\t\t\t\t<\/a>\n\t\t\t\t\t\t\t<a class=\"e-gallery-item elementor-gallery-item elementor-animated-content\" href=\"https:\/\/informacionhotelancora.com\/wp-content\/uploads\/2024\/06\/linving-room2.webp\" data-elementor-open-lightbox=\"yes\" data-elementor-lightbox-slideshow=\"4673d4b\" data-elementor-lightbox-title=\"linving-room2\" data-e-action-hash=\"#elementor-action%3Aaction%3Dlightbox%26settings%3DeyJpZCI6MTM3NywidXJsIjoiaHR0cHM6XC9cL2luZm9ybWFjaW9uaG90ZWxhbmNvcmEuY29tXC93cC1jb250ZW50XC91cGxvYWRzXC8yMDI0XC8wNlwvbGludmluZy1yb29tMi53ZWJwIiwic2xpZGVzaG93IjoiNDY3M2Q0YiJ9\">\n\t\t\t\t\t<div class=\"e-gallery-image elementor-gallery-item__image\" data-thumbnail=\"https:\/\/informacionhotelancora.com\/wp-content\/uploads\/2024\/06\/linving-room2-768x512.webp\" data-width=\"768\" data-height=\"512\" aria-label=\"\" role=\"img\" ><\/div>\n\t\t\t\t\t\t\t\t\t\t\t<div class=\"elementor-gallery-item__overlay\"><\/div>\n\t\t\t\t\t\t\t\t\t\t\t\t\t\t<\/a>\n\t\t\t\t\t\t\t<a class=\"e-gallery-item elementor-gallery-item elementor-animated-content\" href=\"https:\/\/informacionhotelancora.com\/wp-content\/uploads\/2024\/06\/linving-room6.webp\" data-elementor-open-lightbox=\"yes\" data-elementor-lightbox-slideshow=\"4673d4b\" data-elementor-lightbox-title=\"linving-room6\" data-e-action-hash=\"#elementor-action%3Aaction%3Dlightbox%26settings%3DeyJpZCI6MTI5NywidXJsIjoiaHR0cHM6XC9cL2luZm9ybWFjaW9uaG90ZWxhbmNvcmEuY29tXC93cC1jb250ZW50XC91cGxvYWRzXC8yMDI0XC8wNlwvbGludmluZy1yb29tNi53ZWJwIiwic2xpZGVzaG93IjoiNDY3M2Q0YiJ9\">\n\t\t\t\t\t<div class=\"e-gallery-image elementor-gallery-item__image\" data-thumbnail=\"https:\/\/informacionhotelancora.com\/wp-content\/uploads\/2024\/06\/linving-room6-768x512.webp\" data-width=\"768\" data-height=\"512\" aria-label=\"\" role=\"img\" ><\/div>\n\t\t\t\t\t\t\t\t\t\t\t<div class=\"elementor-gallery-item__overlay\"><\/div>\n\t\t\t\t\t\t\t\t\t\t\t\t\t\t<\/a>\n\t\t\t\t\t\t\t<a class=\"e-gallery-item elementor-gallery-item elementor-animated-content\" href=\"https:\/\/informacionhotelancora.com\/wp-content\/uploads\/2024\/06\/cocina-5.webp\" data-elementor-open-lightbox=\"yes\" data-elementor-lightbox-slideshow=\"4673d4b\" data-elementor-lightbox-title=\"cocina 5\" data-e-action-hash=\"#elementor-action%3Aaction%3Dlightbox%26settings%3DeyJpZCI6MTM5NiwidXJsIjoiaHR0cHM6XC9cL2luZm9ybWFjaW9uaG90ZWxhbmNvcmEuY29tXC93cC1jb250ZW50XC91cGxvYWRzXC8yMDI0XC8wNlwvY29jaW5hLTUud2VicCIsInNsaWRlc2hvdyI6IjQ2NzNkNGIifQ%3D%3D\">\n\t\t\t\t\t<div class=\"e-gallery-image elementor-gallery-item__image\" data-thumbnail=\"https:\/\/informacionhotelancora.com\/wp-content\/uploads\/2024\/06\/cocina-5-768x576.webp\" data-width=\"768\" data-height=\"576\" aria-label=\"\" role=\"img\" ><\/div>\n\t\t\t\t\t\t\t\t\t\t\t<div class=\"elementor-gallery-item__overlay\"><\/div>\n\t\t\t\t\t\t\t\t\t\t\t\t\t\t<\/a>\n\t\t\t\t\t\t\t<a class=\"e-gallery-item elementor-gallery-item elementor-animated-content\" href=\"https:\/\/informacionhotelancora.com\/wp-content\/uploads\/2024\/06\/linving-room1.webp\" data-elementor-open-lightbox=\"yes\" data-elementor-lightbox-slideshow=\"4673d4b\" data-elementor-lightbox-title=\"linving-room1\" data-e-action-hash=\"#elementor-action%3Aaction%3Dlightbox%26settings%3DeyJpZCI6MTMxMywidXJsIjoiaHR0cHM6XC9cL2luZm9ybWFjaW9uaG90ZWxhbmNvcmEuY29tXC93cC1jb250ZW50XC91cGxvYWRzXC8yMDI0XC8wNlwvbGludmluZy1yb29tMS53ZWJwIiwic2xpZGVzaG93IjoiNDY3M2Q0YiJ9\">\n\t\t\t\t\t<div class=\"e-gallery-image elementor-gallery-item__image\" data-thumbnail=\"https:\/\/informacionhotelancora.com\/wp-content\/uploads\/2024\/06\/linving-room1-768x512.webp\" data-width=\"768\" data-height=\"512\" aria-label=\"\" role=\"img\" ><\/div>\n\t\t\t\t\t\t\t\t\t\t\t<div class=\"elementor-gallery-item__overlay\"><\/div>\n\t\t\t\t\t\t\t\t\t\t\t\t\t\t<\/a>\n\t\t\t\t\t<\/div>\n\t\t\t\t\t<\/div>\n\t\t\t\t<\/div>\n\t\t\t\t<\/div>\n\t\t\t\t<\/div>\n\t\t","protected":false},"excerpt":{"rendered":"<p>Freie K\u00fcche und Wohnzimmer f\u00fcr Kunden Wir haben eine K\u00fcche und ein Wohnzimmer, die f\u00fcr unsere Kunden kostenlos sind. Sie k\u00f6nnen es im zweiten Stock des Hotels erreichen<\/p>\n","protected":false},"author":1,"featured_media":1318,"parent":0,"menu_order":0,"comment_status":"closed","ping_status":"closed","template":"","meta":{"footnotes":""},"class_list":["post-1189","page","type-page","status-publish","has-post-thumbnail","hentry"],"_links":{"self":[{"href":"https:\/\/informacionhotelancora.com\/de\/wp-json\/wp\/v2\/pages\/1189","targetHints":{"allow":["GET"]}}],"collection":[{"href":"https:\/\/informacionhotelancora.com\/de\/wp-json\/wp\/v2\/pages"}],"about":[{"href":"https:\/\/informacionhotelancora.com\/de\/wp-json\/wp\/v2\/types\/page"}],"author":[{"embeddable":true,"href":"https:\/\/informacionhotelancora.com\/de\/wp-json\/wp\/v2\/users\/1"}],"replies":[{"embeddable":true,"href":"https:\/\/informacionhotelancora.com\/de\/wp-json\/wp\/v2\/comments?post=1189"}],"version-history":[{"count":6,"href":"https:\/\/informacionhotelancora.com\/de\/wp-json\/wp\/v2\/pages\/1189\/revisions"}],"predecessor-version":[{"id":1446,"href":"https:\/\/informacionhotelancora.com\/de\/wp-json\/wp\/v2\/pages\/1189\/revisions\/1446"}],"wp:featuredmedia":[{"embeddable":true,"href":"https:\/\/informacionhotelancora.com\/de\/wp-json\/wp\/v2\/media\/1318"}],"wp:attachment":[{"href":"https:\/\/informacionhotelancora.com\/de\/wp-json\/wp\/v2\/media?parent=1189"}],"curies":[{"name":"wp","href":"https:\/\/api.w.org\/{rel}","templated":true}]}}