{"id":2327,"date":"2025-06-19T09:22:02","date_gmt":"2025-06-19T07:22:02","guid":{"rendered":"https:\/\/informacionhotelancora.com\/?page_id=2327"},"modified":"2025-07-28T18:10:58","modified_gmt":"2025-07-28T16:10:58","slug":"surfowanie-i-nurkowanie","status":"publish","type":"page","link":"https:\/\/informacionhotelancora.com\/pl\/surfowanie-i-nurkowanie\/","title":{"rendered":"Surfing i nurkowanie"},"content":{"rendered":"\t\t<div data-elementor-type=\"wp-page\" data-elementor-id=\"2327\" class=\"elementor elementor-2327 elementor-2316\" data-elementor-post-type=\"page\">\n\t\t\t\t<div class=\"elementor-element elementor-element-3ae1aef e-con-full e-flex e-con e-parent\" data-id=\"3ae1aef\" data-element_type=\"container\" data-settings=\"{&quot;jet_parallax_layout_list&quot;:[]}\">\n\t\t<div class=\"elementor-element elementor-element-ebe1306 e-con-full e-flex e-con e-child\" data-id=\"ebe1306\" data-element_type=\"container\" data-settings=\"{&quot;background_background&quot;:&quot;classic&quot;,&quot;jet_parallax_layout_list&quot;:[]}\">\n\t\t\t\t<div class=\"elementor-element elementor-element-129ed78 elementor-position-inline-start elementor-view-stacked elementor-shape-circle elementor-mobile-position-block-start elementor-widget elementor-widget-icon-box\" data-id=\"129ed78\" data-element_type=\"widget\" data-widget_type=\"icon-box.default\">\n\t\t\t\t<div class=\"elementor-widget-container\">\n\t\t\t\t\t\t\t<div class=\"elementor-icon-box-wrapper\">\n\n\t\t\t\t\t\t<div class=\"elementor-icon-box-icon\">\n\t\t\t\t<span  class=\"elementor-icon\">\n\t\t\t\t<svg xmlns=\"http:\/\/www.w3.org\/2000\/svg\" xmlns:xlink=\"http:\/\/www.w3.org\/1999\/xlink\" id=\"Glyph\" x=\"0px\" y=\"0px\" viewBox=\"0 0 64 64\" xml:space=\"preserve\"><g>\t<path d=\"M33.83237,23.09763l-4.539-4.539c-0.95978,0.87531-1.92743,1.79578-2.90057,2.76178l4.61212,4.61212L33.83237,23.09763z\"><\/path>\t<path d=\"M30.78709,17.22392L46.7761,33.21293c0.44781-0.51465,0.87695-1.02539,1.29724-1.53394L32.32096,15.92661  C31.81242,16.3469,31.30173,16.7761,30.78709,17.22392z\"><\/path>\t<path d=\"M38.07572,33.00333l4.60382,4.60382c0.966-0.97314,1.88647-1.9408,2.76178-2.90057l-4.5376-4.53766L38.07572,33.00333z\"><\/path>\t<path d=\"M23.61118,24.18876L39.8112,40.38877c0.48657-0.45428,0.96979-0.91193,1.44702-1.37451L24.98569,22.74174  C24.52311,23.21897,24.06547,23.70219,23.61118,24.18876z\"><\/path>\t<polygon points=\"39.48948,28.75474 38.07529,27.34049 35.24729,30.1749 36.66148,31.58909  \"><\/polygon>\t<path d=\"M54.4542,8.13151c-2.67975-1.88562-6.88885-1.45361-11.95404,1.00647l5.47382,5.47382L54.4542,8.13151z\"><\/path>\t\t\t<rect x=\"42.44037\" y=\"21.38994\" transform=\"matrix(0.70712 -0.70709 0.70709 0.70712 -2.81671 37.97954)\" width=\"3.99608\" height=\"2\"><\/rect>\t<polygon points=\"32.41911,27.34672 33.83305,28.76072 36.66105,25.92631 35.24656,24.51182  \"><\/polygon>\t<path d=\"M24.26646,41.14768c0.67902,1.33289,0.42767,3.07391-0.72913,4.10034l-6.29419,5.60089  c-0.8822,0.78534-2.11932,0.92847-3.13782,0.4599l-5.10168,5.10175c5.07922,2.8902,18.08789-4.55725,29.33075-14.67017  l-7.33032-7.33032L24.26646,41.14768z\"><\/path>\t<path d=\"M20.24662,41.79154l-5.60095,6.29419c-0.31628,0.35498-0.30072,0.89667,0.03558,1.23297  c0.33624,0.3363,0.87799,0.35181,1.23291,0.03558c0,0,6.29163-5.59802,6.29456-5.60059  c0.5896-0.52454,0.61548-1.46448,0.05872-2.02118C21.72672,41.19175,20.7504,41.20853,20.24662,41.79154z\"><\/path>\t<path d=\"M13.15067,46.75651c0,0,5.59967-6.29285,5.60089-6.29425c1.03632-1.16455,2.75116-1.40845,4.09564-0.72369l6.74268-6.74268  l-7.33032-7.33032C12.14664,36.90842,4.69919,49.91709,7.58939,54.99632l5.10175-5.10168  C12.22257,48.87614,12.36558,47.63895,13.15067,46.75651z\"><\/path>\t<path d=\"M55.86845,9.54569l-6.48029,6.48029l5.47388,5.47388C57.32218,16.43473,57.75419,12.22569,55.86845,9.54569z\"><\/path>\t<path d=\"M38.86594,11.16337l13.9707,13.9707c0.37421-0.60065,0.72858-1.19421,1.05432-1.77686L40.64286,10.10911  C40.06022,10.43485,39.46659,10.78922,38.86594,11.16337z\"><\/path>\t<path d=\"M40.90147,16.02732l-3.74811-3.74811c-1.06696,0.72559-2.15656,1.52161-3.26465,2.38666l4.18683,4.18689L40.90147,16.02732  z\"><\/path>\t\t\t<rect x=\"39.61186\" y=\"18.56132\" transform=\"matrix(0.70709 -0.70712 0.70712 0.70709 -1.64444 35.15298)\" width=\"3.99606\" height=\"2.00024\"><\/rect>\t<path d=\"M45.14689,25.92411l4.18719,4.18719c0.86505-1.10815,1.66113-2.19769,2.38672-3.26465l-3.74823-3.74823L45.14689,25.92411z  \"><\/path><\/g><\/svg>\t\t\t\t<\/span>\n\t\t\t<\/div>\n\t\t\t\n\t\t\t\t\t\t<div class=\"elementor-icon-box-content\">\n\n\t\t\t\t\t\t\t\t\t<h3 class=\"elementor-icon-box-title\">\n\t\t\t\t\t\t<span  >\n\t\t\t\t\t\t\tLekcja surfingu w Finisterre\t\t\t\t\t\t<\/span>\n\t\t\t\t\t<\/h3>\n\t\t\t\t\n\t\t\t\t\n\t\t\t<\/div>\n\t\t\t\n\t\t<\/div>\n\t\t\t\t\t\t<\/div>\n\t\t\t\t<\/div>\n\t\t\t\t<div class=\"elementor-element elementor-element-a0e8c6b elementor-widget elementor-widget-price-list\" data-id=\"a0e8c6b\" data-element_type=\"widget\" data-widget_type=\"price-list.default\">\n\t\t\t\t<div class=\"elementor-widget-container\">\n\t\t\t\t\t\n\t\t<ul class=\"elementor-price-list\">\n\n\t\t\t\t\t\t\t\t\t<li><a class=\"elementor-price-list-item\" href=\"#\">\t\t\t\t\n\t\t\t\t<div class=\"elementor-price-list-text\">\n\t\t\t\t\t\t\t\t\t\t\t\t\t\t\t<p class=\"elementor-price-list-description\">\n\t\t\t\t\t\t\t\ud83c\udfc4\u200d\u2640 Zaj\u0119cia grupowe (maks. 8 os\u00f3b)\nIdealne do dzielenia si\u0119 do\u015bwiadczeniami w grupie.\n\nCzas trwania: 2 godziny\nCeny:\n* 1 zaj\u0119cia \u2192 40 \u20ac\n* 2 zaj\u0119cia \u2192 75 \u20ac\n* 3 zaj\u0119cia \u2192 105 \u20ac\n* 4 zaj\u0119cia \u2192 130 \u20ac\n* 5 zaj\u0119\u0107 \u2192 150 \u20ac\n\n\ud83c\udfc4\ud83c\udffb\u200d\u2642 Zaj\u0119cia prywatne\nIdealne, je\u015bli chcesz bardziej spersonalizowanych zaj\u0119\u0107 dla siebie lub dla dw\u00f3ch os\u00f3b.\nCzas trwania: 1,5 godziny\nCeny:\n* 1 osoba \u2192 100 \u20ac\n* 2 osoby \u2192 130 \u20ac\n* Pakiet 5 zaj\u0119\u0107 1 osoba \u2192 450 \u20ac.\n\nMateria\u0142y w cenie\nNasze zaj\u0119cia obejmuj\u0105 wszystkie niezb\u0119dne materia\u0142y i ubezpieczenie od nast\u0119pstw nieszcz\u0119\u015bliwych wypadk\u00f3w.\n\n\ud83c\udf0a Rozk\u0142ady rejs\u00f3w\nDostosowujemy rozk\u0142ady rejs\u00f3w do najlepszych warunk\u00f3w na morzu w zale\u017cno\u015bci od p\u0142yw\u00f3w.\n\nDost\u0119pne j\u0119zyki\nM\u00f3wimy po hiszpa\u0144sku, angielsku, portugalsku i francusku.\n\nPowiedzcie nam, ilu Was jest i w jaki dzie\u0144 chcieliby\u015bcie przyjecha\u0107!  \t\t\t\t\t\t<\/p>\n\t\t\t\t\t\t\t\t<\/div>\n\t\t\t\t<\/a><\/li>\t\t\t\t\t\n\t\t<\/ul>\n\n\t\t\t\t\t\t<\/div>\n\t\t\t\t<\/div>\n\t\t\t\t<\/div>\n\t\t<div class=\"elementor-element elementor-element-f3a3f4b e-con-full e-flex e-con e-child\" data-id=\"f3a3f4b\" data-element_type=\"container\" data-settings=\"{&quot;background_background&quot;:&quot;classic&quot;,&quot;jet_parallax_layout_list&quot;:[]}\">\n\t\t\t\t<div class=\"elementor-element elementor-element-e04ca63 elementor-position-inline-start elementor-view-stacked elementor-shape-circle elementor-mobile-position-block-start elementor-widget elementor-widget-icon-box\" data-id=\"e04ca63\" data-element_type=\"widget\" data-widget_type=\"icon-box.default\">\n\t\t\t\t<div class=\"elementor-widget-container\">\n\t\t\t\t\t\t\t<div class=\"elementor-icon-box-wrapper\">\n\n\t\t\t\t\t\t<div class=\"elementor-icon-box-icon\">\n\t\t\t\t<span  class=\"elementor-icon\">\n\t\t\t\t<svg xmlns=\"http:\/\/www.w3.org\/2000\/svg\" xmlns:xlink=\"http:\/\/www.w3.org\/1999\/xlink\" id=\"Glyph\" x=\"0px\" y=\"0px\" viewBox=\"0 0 64 64\" xml:space=\"preserve\"><g>\t<path d=\"M18,18.19v0.87c0.33002-0.04004,0.65997-0.06,1-0.06h4c0.34003,0,0.66998,0.01996,1,0.06v-0.87  c1.21997-0.71002,2.17999-1.84003,2.65997-3.19H15.34003C15.82001,16.34998,16.78003,17.47998,18,18.19z\"><\/path>\t<path d=\"M20,12c0-0.54999,0.45001-1,1-1s1,0.45001,1,1v1h5c0-3.31-2.69-6-6-6s-6,2.69-6,6h5V12z\"><\/path>\t<rect x=\"12\" y=\"38\" width=\"18\" height=\"2\"><\/rect>\t<path d=\"M15.34003,15C15.12,14.37,15,13.70001,15,13c-4.40997,0-8,3.58997-8,8v10c0,0.54999,0.45001,1,1,1s1-0.45001,1-1V21  c0-3.31,2.69-6,6-6H15.34003z\"><\/path>\t<path d=\"M40,18.19v0.87c0.33002-0.04004,0.65997-0.06,1-0.06h4c0.34003,0,0.66998,0.01996,1,0.06v-0.87  c1.21997-0.71002,2.17999-1.84003,2.65997-3.19H37.34003C37.82001,16.34998,38.78003,17.47998,40,18.19z\"><\/path>\t<path d=\"M43,7c-3.31,0-6,2.69-6,6h5v-1c0-0.54999,0.45001-1,1-1s1,0.45001,1,1v1h5C49,9.69,46.31,7,43,7z\"><\/path>\t<path d=\"M52,28v2H12v-2c0-3.85999,3.14001-7,7-7h4c3.85999,0,7,3.14001,7,7h4c0-3.85999,3.14001-7,7-7h4  C48.85999,21,52,24.14001,52,28z\"><\/path>\t<polygon points=\"52,32 52,36 34,36 34,34 30,34 30,36 12,36 12,32  \"><\/polygon>\t<rect x=\"34\" y=\"38\" width=\"18\" height=\"2\"><\/rect>\t<path d=\"M34,47h-4v-5H12v12c0,1.6543,1.3457,3,3,3h12c1.30194,0,2.40161-0.8385,2.81573-2h4.36859  c0.41412,1.1615,1.51373,2,2.81567,2h12c1.6543,0,3-1.3457,3-3V42H34V47z M30,49h4v4h-4V49z\"><\/path>\t<path d=\"M49,13c0,0.70001-0.12,1.37-0.34003,2H49c3.31,0,6,2.69,6,6v10c0,0.54999,0.45001,1,1,1s1-0.45001,1-1V21  C57,16.58997,53.40997,13,49,13z\"><\/path><\/g><\/svg>\t\t\t\t<\/span>\n\t\t\t<\/div>\n\t\t\t\n\t\t\t\t\t\t<div class=\"elementor-icon-box-content\">\n\n\t\t\t\t\t\t\t\t\t<h3 class=\"elementor-icon-box-title\">\n\t\t\t\t\t\t<span  >\n\t\t\t\t\t\t\tOdkryj nurkowanie z akwalungiem lub nurkowanie z akwalungiem\t\t\t\t\t\t<\/span>\n\t\t\t\t\t<\/h3>\n\t\t\t\t\n\t\t\t\t\n\t\t\t<\/div>\n\t\t\t\n\t\t<\/div>\n\t\t\t\t\t\t<\/div>\n\t\t\t\t<\/div>\n\t\t\t\t<div class=\"elementor-element elementor-element-d1349d8 elementor-widget elementor-widget-price-list\" data-id=\"d1349d8\" data-element_type=\"widget\" data-widget_type=\"price-list.default\">\n\t\t\t\t<div class=\"elementor-widget-container\">\n\t\t\t\t\t\n\t\t<ul class=\"elementor-price-list\">\n\n\t\t\t\t\t\t\t\t\t<li class=\"elementor-price-list-item\">\t\t\t\t\n\t\t\t\t<div class=\"elementor-price-list-text\">\n\t\t\t\t\t\t\t\t\t<div class=\"elementor-price-list-header\">\n\t\t\t\t\t\t\t\t\t\t\t<span class=\"elementor-price-list-title\">\n\t\t\t\t\t\t\tOdkryj nurkowanie z akwalungiem lub nurkowanie z akwalungiem\t\t\t\t\t\t<\/span>\n\t\t\t\t\t\t\t\t\t\t\t\t\t\t\t\t\t\t<span class=\"elementor-price-list-separator\"><\/span>\n\t\t\t\t\t\t\t\t\t\t\t\t\t\t\t\t\t\t\t<span class=\"elementor-price-list-price\">75 \u20ac<\/span>\n\t\t\t\t\t\t\t\t\t\t<\/div>\n\t\t\t\t\t\t\t\t\t\t\t\t\t\t\t<p class=\"elementor-price-list-description\">\n\t\t\t\t\t\t\tCzy kiedykolwiek zastanawia\u0142e\u015b si\u0119, jak to jest oddycha\u0107 pod wod\u0105? Nawet je\u015bli nie jeste\u015b certyfikowanym nurkiem, mo\u017cesz odkry\u0107 nurkowanie w bezpieczny i zabawny spos\u00f3b dzi\u0119ki aktywno\u015bci \"SCUBA DIVING\". Dzi\u0119ki temu programowi nasi instruktorzy poprowadz\u0105 Ci\u0119 przez wspania\u0142y podwodny \u015bwiat bez \u017cadnego wcze\u015bniejszego do\u015bwiadczenia. W najbezpieczniejszy spos\u00f3b odkryjesz kotwicowisko, r\u00f3\u017cne gatunki ryb i skorupiak\u00f3w oraz ich wsp\u00f3\u0142istnienie w doskona\u0142ej harmonii w\u015br\u00f3d las\u00f3w wodorost\u00f3w, wrak\u00f3w, kanion\u00f3w itp.    \n<br>\u0106wiczenie sk\u0142ada si\u0119 z nast\u0119puj\u0105cych element\u00f3w: Instruktor wyja\u015bni odczucia, jakich do\u015bwiadczysz podczas oddychania pod wod\u0105, wraz z trzema \u0107wiczeniami bezpiecze\u0144stwa przed nurkowaniem na temat tego, jak ci\u015bnienie wp\u0142ynie na Ciebie i jak powiniene\u015b si\u0119 zachowa\u0107, aby cieszy\u0107 si\u0119 tym niezapomnianym do\u015bwiadczeniem. Nast\u0119pnie odb\u0119dziesz prawdziwe nurkowanie na wodach otwartych, zawsze zaczynaj\u0105c od brzegu i osi\u0105gaj\u0105c maksymaln\u0105 g\u0142\u0119boko\u015b\u0107 6 metr\u00f3w. Ca\u0142kowity czas trwania zaj\u0119\u0107 wynosi oko\u0142o 3 godzin.  \n\n\t\t\t\t\t\t<\/p>\n\t\t\t\t\t\t\t\t<\/div>\n\t\t\t\t<\/li>\t\t\t\t\t\n\t\t<\/ul>\n\n\t\t\t\t\t\t<\/div>\n\t\t\t\t<\/div>\n\t\t\t\t<\/div>\n\t\t\t\t<\/div>\n\t\t<div class=\"elementor-element elementor-element-eba1c89 e-flex e-con-boxed e-con e-parent\" data-id=\"eba1c89\" data-element_type=\"container\" data-settings=\"{&quot;jet_parallax_layout_list&quot;:[]}\">\n\t\t\t\t\t<div class=\"e-con-inner\">\n\t\t\t\t<div class=\"elementor-element elementor-element-0f53b1d elementor-widget elementor-widget-image\" data-id=\"0f53b1d\" data-element_type=\"widget\" data-widget_type=\"image.default\">\n\t\t\t\t<div class=\"elementor-widget-container\">\n\t\t\t\t\t\t\t\t\t\t\t\t\t\t\t<img fetchpriority=\"high\" decoding=\"async\" width=\"768\" height=\"1024\" src=\"https:\/\/informacionhotelancora.com\/wp-content\/uploads\/2025\/07\/SURF-768x1024.jpg\" class=\"attachment-large size-large wp-image-2589\" alt=\"\" srcset=\"https:\/\/informacionhotelancora.com\/wp-content\/uploads\/2025\/07\/SURF-768x1024.jpg 768w, https:\/\/informacionhotelancora.com\/wp-content\/uploads\/2025\/07\/SURF-225x300.jpg 225w, https:\/\/informacionhotelancora.com\/wp-content\/uploads\/2025\/07\/SURF-1152x1536.jpg 1152w, https:\/\/informacionhotelancora.com\/wp-content\/uploads\/2025\/07\/SURF.jpg 1530w\" sizes=\"(max-width: 768px) 100vw, 768px\" \/>\t\t\t\t\t\t\t\t\t\t\t\t\t\t\t<\/div>\n\t\t\t\t<\/div>\n\t\t\t\t\t<\/div>\n\t\t\t\t<\/div>\n\t\t\t\t<\/div>\n\t\t","protected":false},"excerpt":{"rendered":"<p>Lekcja surfingu w Finisterre \ud83c\udfc4\u200d\u2640 Zaj\u0119cia grupowe (maks. 8 os\u00f3b) Idealne do dzielenia si\u0119 do\u015bwiadczeniami w grupie. Czas trwania: 2 godziny Ceny: * 1 zaj\u0119cia \u2192 40 \u20ac * 2 zaj\u0119cia \u2192 75 \u20ac * 3 zaj\u0119cia \u2192 105 \u20ac * 4 zaj\u0119cia \u2192 130 \u20ac * 5 zaj\u0119\u0107 \u2192 150 \u20ac \ud83c\udfc4\ud83c\udffb\u200d\u2642 Zaj\u0119cia prywatne [&hellip;]<\/p>\n","protected":false},"author":1,"featured_media":2343,"parent":0,"menu_order":0,"comment_status":"closed","ping_status":"closed","template":"","meta":{"footnotes":""},"class_list":["post-2327","page","type-page","status-publish","has-post-thumbnail","hentry"],"_links":{"self":[{"href":"https:\/\/informacionhotelancora.com\/pl\/wp-json\/wp\/v2\/pages\/2327","targetHints":{"allow":["GET"]}}],"collection":[{"href":"https:\/\/informacionhotelancora.com\/pl\/wp-json\/wp\/v2\/pages"}],"about":[{"href":"https:\/\/informacionhotelancora.com\/pl\/wp-json\/wp\/v2\/types\/page"}],"author":[{"embeddable":true,"href":"https:\/\/informacionhotelancora.com\/pl\/wp-json\/wp\/v2\/users\/1"}],"replies":[{"embeddable":true,"href":"https:\/\/informacionhotelancora.com\/pl\/wp-json\/wp\/v2\/comments?post=2327"}],"version-history":[{"count":7,"href":"https:\/\/informacionhotelancora.com\/pl\/wp-json\/wp\/v2\/pages\/2327\/revisions"}],"predecessor-version":[{"id":2615,"href":"https:\/\/informacionhotelancora.com\/pl\/wp-json\/wp\/v2\/pages\/2327\/revisions\/2615"}],"wp:featuredmedia":[{"embeddable":true,"href":"https:\/\/informacionhotelancora.com\/pl\/wp-json\/wp\/v2\/media\/2343"}],"wp:attachment":[{"href":"https:\/\/informacionhotelancora.com\/pl\/wp-json\/wp\/v2\/media?parent=2327"}],"curies":[{"name":"wp","href":"https:\/\/api.w.org\/{rel}","templated":true}]}}