{"id":2328,"date":"2025-06-19T09:22:02","date_gmt":"2025-06-19T07:22:02","guid":{"rendered":"https:\/\/informacionhotelancora.com\/?page_id=2328"},"modified":"2025-07-28T18:10:55","modified_gmt":"2025-07-28T16:10:55","slug":"surf-e-mergulho","status":"publish","type":"page","link":"https:\/\/informacionhotelancora.com\/pt-pt\/surf-e-mergulho\/","title":{"rendered":"Surf e mergulho"},"content":{"rendered":"\t\t<div data-elementor-type=\"wp-page\" data-elementor-id=\"2328\" class=\"elementor elementor-2328 elementor-2316\" data-elementor-post-type=\"page\">\n\t\t\t\t<div class=\"elementor-element elementor-element-3ae1aef e-con-full e-flex e-con e-parent\" data-id=\"3ae1aef\" data-element_type=\"container\" data-settings=\"{&quot;jet_parallax_layout_list&quot;:[]}\">\n\t\t<div class=\"elementor-element elementor-element-ebe1306 e-con-full e-flex e-con e-child\" data-id=\"ebe1306\" data-element_type=\"container\" data-settings=\"{&quot;background_background&quot;:&quot;classic&quot;,&quot;jet_parallax_layout_list&quot;:[]}\">\n\t\t\t\t<div class=\"elementor-element elementor-element-129ed78 elementor-position-inline-start elementor-view-stacked elementor-shape-circle elementor-mobile-position-block-start elementor-widget elementor-widget-icon-box\" data-id=\"129ed78\" data-element_type=\"widget\" data-widget_type=\"icon-box.default\">\n\t\t\t\t<div class=\"elementor-widget-container\">\n\t\t\t\t\t\t\t<div class=\"elementor-icon-box-wrapper\">\n\n\t\t\t\t\t\t<div class=\"elementor-icon-box-icon\">\n\t\t\t\t<span  class=\"elementor-icon\">\n\t\t\t\t<svg xmlns=\"http:\/\/www.w3.org\/2000\/svg\" xmlns:xlink=\"http:\/\/www.w3.org\/1999\/xlink\" id=\"Glyph\" x=\"0px\" y=\"0px\" viewBox=\"0 0 64 64\" xml:space=\"preserve\"><g>\t<path d=\"M33.83237,23.09763l-4.539-4.539c-0.95978,0.87531-1.92743,1.79578-2.90057,2.76178l4.61212,4.61212L33.83237,23.09763z\"><\/path>\t<path d=\"M30.78709,17.22392L46.7761,33.21293c0.44781-0.51465,0.87695-1.02539,1.29724-1.53394L32.32096,15.92661  C31.81242,16.3469,31.30173,16.7761,30.78709,17.22392z\"><\/path>\t<path d=\"M38.07572,33.00333l4.60382,4.60382c0.966-0.97314,1.88647-1.9408,2.76178-2.90057l-4.5376-4.53766L38.07572,33.00333z\"><\/path>\t<path d=\"M23.61118,24.18876L39.8112,40.38877c0.48657-0.45428,0.96979-0.91193,1.44702-1.37451L24.98569,22.74174  C24.52311,23.21897,24.06547,23.70219,23.61118,24.18876z\"><\/path>\t<polygon points=\"39.48948,28.75474 38.07529,27.34049 35.24729,30.1749 36.66148,31.58909  \"><\/polygon>\t<path d=\"M54.4542,8.13151c-2.67975-1.88562-6.88885-1.45361-11.95404,1.00647l5.47382,5.47382L54.4542,8.13151z\"><\/path>\t\t\t<rect x=\"42.44037\" y=\"21.38994\" transform=\"matrix(0.70712 -0.70709 0.70709 0.70712 -2.81671 37.97954)\" width=\"3.99608\" height=\"2\"><\/rect>\t<polygon points=\"32.41911,27.34672 33.83305,28.76072 36.66105,25.92631 35.24656,24.51182  \"><\/polygon>\t<path d=\"M24.26646,41.14768c0.67902,1.33289,0.42767,3.07391-0.72913,4.10034l-6.29419,5.60089  c-0.8822,0.78534-2.11932,0.92847-3.13782,0.4599l-5.10168,5.10175c5.07922,2.8902,18.08789-4.55725,29.33075-14.67017  l-7.33032-7.33032L24.26646,41.14768z\"><\/path>\t<path d=\"M20.24662,41.79154l-5.60095,6.29419c-0.31628,0.35498-0.30072,0.89667,0.03558,1.23297  c0.33624,0.3363,0.87799,0.35181,1.23291,0.03558c0,0,6.29163-5.59802,6.29456-5.60059  c0.5896-0.52454,0.61548-1.46448,0.05872-2.02118C21.72672,41.19175,20.7504,41.20853,20.24662,41.79154z\"><\/path>\t<path d=\"M13.15067,46.75651c0,0,5.59967-6.29285,5.60089-6.29425c1.03632-1.16455,2.75116-1.40845,4.09564-0.72369l6.74268-6.74268  l-7.33032-7.33032C12.14664,36.90842,4.69919,49.91709,7.58939,54.99632l5.10175-5.10168  C12.22257,48.87614,12.36558,47.63895,13.15067,46.75651z\"><\/path>\t<path d=\"M55.86845,9.54569l-6.48029,6.48029l5.47388,5.47388C57.32218,16.43473,57.75419,12.22569,55.86845,9.54569z\"><\/path>\t<path d=\"M38.86594,11.16337l13.9707,13.9707c0.37421-0.60065,0.72858-1.19421,1.05432-1.77686L40.64286,10.10911  C40.06022,10.43485,39.46659,10.78922,38.86594,11.16337z\"><\/path>\t<path d=\"M40.90147,16.02732l-3.74811-3.74811c-1.06696,0.72559-2.15656,1.52161-3.26465,2.38666l4.18683,4.18689L40.90147,16.02732  z\"><\/path>\t\t\t<rect x=\"39.61186\" y=\"18.56132\" transform=\"matrix(0.70709 -0.70712 0.70712 0.70709 -1.64444 35.15298)\" width=\"3.99606\" height=\"2.00024\"><\/rect>\t<path d=\"M45.14689,25.92411l4.18719,4.18719c0.86505-1.10815,1.66113-2.19769,2.38672-3.26465l-3.74823-3.74823L45.14689,25.92411z  \"><\/path><\/g><\/svg>\t\t\t\t<\/span>\n\t\t\t<\/div>\n\t\t\t\n\t\t\t\t\t\t<div class=\"elementor-icon-box-content\">\n\n\t\t\t\t\t\t\t\t\t<h3 class=\"elementor-icon-box-title\">\n\t\t\t\t\t\t<span  >\n\t\t\t\t\t\t\tAula de surf em Finisterra\t\t\t\t\t\t<\/span>\n\t\t\t\t\t<\/h3>\n\t\t\t\t\n\t\t\t\t\n\t\t\t<\/div>\n\t\t\t\n\t\t<\/div>\n\t\t\t\t\t\t<\/div>\n\t\t\t\t<\/div>\n\t\t\t\t<div class=\"elementor-element elementor-element-a0e8c6b elementor-widget elementor-widget-price-list\" data-id=\"a0e8c6b\" data-element_type=\"widget\" data-widget_type=\"price-list.default\">\n\t\t\t\t<div class=\"elementor-widget-container\">\n\t\t\t\t\t\n\t\t<ul class=\"elementor-price-list\">\n\n\t\t\t\t\t\t\t\t\t<li><a class=\"elementor-price-list-item\" href=\"#\">\t\t\t\t\n\t\t\t\t<div class=\"elementor-price-list-text\">\n\t\t\t\t\t\t\t\t\t\t\t\t\t\t\t<p class=\"elementor-price-list-description\">\n\t\t\t\t\t\t\t\ud83c\udfc4\u200d\u2640 Aulas de grupo (m\u00e1x. 8 pessoas)\nPerfeito para partilhar a experi\u00eancia em grupo.\n\nDura\u00e7\u00e3o: 2 horas\nPre\u00e7os:\n* 1 aula \u2192 40\u20ac\n* 2 aulas \u2192 75\u20ac\n* 3 aulas \u2192 105\u20ac\n* 4 aulas \u2192 130\u20ac\n* 5 aulas \u2192 150\u20ac\n\n\ud83c\udfc4\ud83c\udffb\u200d\u2642 Aulas particulares\nIdeal se quiseres uma aula mais personalizada s\u00f3 para ti ou para duas pessoas.\nDura\u00e7\u00e3o: 1,5 horas\nPre\u00e7os:\n* 1 pessoa \u2192 100\u20ac\n* 2 pessoas \u2192 130\u20ac\n* Pack 5 aulas 1 pessoa \u2192 450\u20ac.\n\nMaterial inclu\u00eddo\nAs nossas aulas incluem todo o material necess\u00e1rio e seguro de acidentes.\n\nHor\u00e1rios\nAdaptamos os hor\u00e1rios \u00e0s melhores condi\u00e7\u00f5es do mar de acordo com as mar\u00e9s.\n\nL\u00ednguas dispon\u00edveis\nFalamos espanhol, ingl\u00eas, portugu\u00eas e franc\u00eas.\n\nDiz-nos quantos s\u00e3o e em que dia gostarias de vir!  \t\t\t\t\t\t<\/p>\n\t\t\t\t\t\t\t\t<\/div>\n\t\t\t\t<\/a><\/li>\t\t\t\t\t\n\t\t<\/ul>\n\n\t\t\t\t\t\t<\/div>\n\t\t\t\t<\/div>\n\t\t\t\t<\/div>\n\t\t<div class=\"elementor-element elementor-element-f3a3f4b e-con-full e-flex e-con e-child\" data-id=\"f3a3f4b\" data-element_type=\"container\" data-settings=\"{&quot;background_background&quot;:&quot;classic&quot;,&quot;jet_parallax_layout_list&quot;:[]}\">\n\t\t\t\t<div class=\"elementor-element elementor-element-e04ca63 elementor-position-inline-start elementor-view-stacked elementor-shape-circle elementor-mobile-position-block-start elementor-widget elementor-widget-icon-box\" data-id=\"e04ca63\" data-element_type=\"widget\" data-widget_type=\"icon-box.default\">\n\t\t\t\t<div class=\"elementor-widget-container\">\n\t\t\t\t\t\t\t<div class=\"elementor-icon-box-wrapper\">\n\n\t\t\t\t\t\t<div class=\"elementor-icon-box-icon\">\n\t\t\t\t<span  class=\"elementor-icon\">\n\t\t\t\t<svg xmlns=\"http:\/\/www.w3.org\/2000\/svg\" xmlns:xlink=\"http:\/\/www.w3.org\/1999\/xlink\" id=\"Glyph\" x=\"0px\" y=\"0px\" viewBox=\"0 0 64 64\" xml:space=\"preserve\"><g>\t<path d=\"M18,18.19v0.87c0.33002-0.04004,0.65997-0.06,1-0.06h4c0.34003,0,0.66998,0.01996,1,0.06v-0.87  c1.21997-0.71002,2.17999-1.84003,2.65997-3.19H15.34003C15.82001,16.34998,16.78003,17.47998,18,18.19z\"><\/path>\t<path d=\"M20,12c0-0.54999,0.45001-1,1-1s1,0.45001,1,1v1h5c0-3.31-2.69-6-6-6s-6,2.69-6,6h5V12z\"><\/path>\t<rect x=\"12\" y=\"38\" width=\"18\" height=\"2\"><\/rect>\t<path d=\"M15.34003,15C15.12,14.37,15,13.70001,15,13c-4.40997,0-8,3.58997-8,8v10c0,0.54999,0.45001,1,1,1s1-0.45001,1-1V21  c0-3.31,2.69-6,6-6H15.34003z\"><\/path>\t<path d=\"M40,18.19v0.87c0.33002-0.04004,0.65997-0.06,1-0.06h4c0.34003,0,0.66998,0.01996,1,0.06v-0.87  c1.21997-0.71002,2.17999-1.84003,2.65997-3.19H37.34003C37.82001,16.34998,38.78003,17.47998,40,18.19z\"><\/path>\t<path d=\"M43,7c-3.31,0-6,2.69-6,6h5v-1c0-0.54999,0.45001-1,1-1s1,0.45001,1,1v1h5C49,9.69,46.31,7,43,7z\"><\/path>\t<path d=\"M52,28v2H12v-2c0-3.85999,3.14001-7,7-7h4c3.85999,0,7,3.14001,7,7h4c0-3.85999,3.14001-7,7-7h4  C48.85999,21,52,24.14001,52,28z\"><\/path>\t<polygon points=\"52,32 52,36 34,36 34,34 30,34 30,36 12,36 12,32  \"><\/polygon>\t<rect x=\"34\" y=\"38\" width=\"18\" height=\"2\"><\/rect>\t<path d=\"M34,47h-4v-5H12v12c0,1.6543,1.3457,3,3,3h12c1.30194,0,2.40161-0.8385,2.81573-2h4.36859  c0.41412,1.1615,1.51373,2,2.81567,2h12c1.6543,0,3-1.3457,3-3V42H34V47z M30,49h4v4h-4V49z\"><\/path>\t<path d=\"M49,13c0,0.70001-0.12,1.37-0.34003,2H49c3.31,0,6,2.69,6,6v10c0,0.54999,0.45001,1,1,1s1-0.45001,1-1V21  C57,16.58997,53.40997,13,49,13z\"><\/path><\/g><\/svg>\t\t\t\t<\/span>\n\t\t\t<\/div>\n\t\t\t\n\t\t\t\t\t\t<div class=\"elementor-icon-box-content\">\n\n\t\t\t\t\t\t\t\t\t<h3 class=\"elementor-icon-box-title\">\n\t\t\t\t\t\t<span  >\n\t\t\t\t\t\t\tDescobre o mergulho ou mergulha\t\t\t\t\t\t<\/span>\n\t\t\t\t\t<\/h3>\n\t\t\t\t\n\t\t\t\t\n\t\t\t<\/div>\n\t\t\t\n\t\t<\/div>\n\t\t\t\t\t\t<\/div>\n\t\t\t\t<\/div>\n\t\t\t\t<div class=\"elementor-element elementor-element-d1349d8 elementor-widget elementor-widget-price-list\" data-id=\"d1349d8\" data-element_type=\"widget\" data-widget_type=\"price-list.default\">\n\t\t\t\t<div class=\"elementor-widget-container\">\n\t\t\t\t\t\n\t\t<ul class=\"elementor-price-list\">\n\n\t\t\t\t\t\t\t\t\t<li class=\"elementor-price-list-item\">\t\t\t\t\n\t\t\t\t<div class=\"elementor-price-list-text\">\n\t\t\t\t\t\t\t\t\t<div class=\"elementor-price-list-header\">\n\t\t\t\t\t\t\t\t\t\t\t<span class=\"elementor-price-list-title\">\n\t\t\t\t\t\t\tDescobre o mergulho ou mergulha\t\t\t\t\t\t<\/span>\n\t\t\t\t\t\t\t\t\t\t\t\t\t\t\t\t\t\t<span class=\"elementor-price-list-separator\"><\/span>\n\t\t\t\t\t\t\t\t\t\t\t\t\t\t\t\t\t\t\t<span class=\"elementor-price-list-price\">75 \u20ac<\/span>\n\t\t\t\t\t\t\t\t\t\t<\/div>\n\t\t\t\t\t\t\t\t\t\t\t\t\t\t\t<p class=\"elementor-price-list-description\">\n\t\t\t\t\t\t\tAlguma vez te perguntaste qual \u00e9 a sensa\u00e7\u00e3o de respirar debaixo de \u00e1gua? Mesmo que n\u00e3o sejas um mergulhador certificado, podes descobrir o mergulho de uma forma segura e divertida com a atividade \"SCUBA DIVING\". Com este programa, os nossos instrutores guiar-te-\u00e3o atrav\u00e9s do maravilhoso mundo subaqu\u00e1tico sem qualquer experi\u00eancia pr\u00e9via. Descobrir\u00e1s, da forma mais segura, o ancoradouro, as suas diferentes esp\u00e9cies de peixes e crust\u00e1ceos, e como coexistem em perfeita harmonia entre florestas de kelp, naufr\u00e1gios, desfiladeiros, etc. Tu consegues!\n<br>A atividade consiste no seguinte: Um instrutor explicar\u00e1 as sensa\u00e7\u00f5es que vais experimentar ao respirar debaixo de \u00e1gua, juntamente com tr\u00eas exerc\u00edcios de seguran\u00e7a pr\u00e9-mergulho sobre como a press\u00e3o te vai afetar e como deves agir para desfrutar desta experi\u00eancia inesquec\u00edvel. Em seguida, acompanha-te num verdadeiro mergulho em \u00e1guas abertas, sempre a partir da costa e atingindo uma profundidade m\u00e1xima de 6 metros. A dura\u00e7\u00e3o total da atividade \u00e9 de cerca de 3 horas.\n\n\t\t\t\t\t\t<\/p>\n\t\t\t\t\t\t\t\t<\/div>\n\t\t\t\t<\/li>\t\t\t\t\t\n\t\t<\/ul>\n\n\t\t\t\t\t\t<\/div>\n\t\t\t\t<\/div>\n\t\t\t\t<\/div>\n\t\t\t\t<\/div>\n\t\t<div class=\"elementor-element elementor-element-eba1c89 e-flex e-con-boxed e-con e-parent\" data-id=\"eba1c89\" data-element_type=\"container\" data-settings=\"{&quot;jet_parallax_layout_list&quot;:[]}\">\n\t\t\t\t\t<div class=\"e-con-inner\">\n\t\t\t\t<div class=\"elementor-element elementor-element-0f53b1d elementor-widget elementor-widget-image\" data-id=\"0f53b1d\" data-element_type=\"widget\" data-widget_type=\"image.default\">\n\t\t\t\t<div class=\"elementor-widget-container\">\n\t\t\t\t\t\t\t\t\t\t\t\t\t\t\t<img fetchpriority=\"high\" decoding=\"async\" width=\"768\" height=\"1024\" src=\"https:\/\/informacionhotelancora.com\/wp-content\/uploads\/2025\/07\/SURF-768x1024.jpg\" class=\"attachment-large size-large wp-image-2590\" alt=\"\" srcset=\"https:\/\/informacionhotelancora.com\/wp-content\/uploads\/2025\/07\/SURF-768x1024.jpg 768w, https:\/\/informacionhotelancora.com\/wp-content\/uploads\/2025\/07\/SURF-225x300.jpg 225w, https:\/\/informacionhotelancora.com\/wp-content\/uploads\/2025\/07\/SURF-1152x1536.jpg 1152w, https:\/\/informacionhotelancora.com\/wp-content\/uploads\/2025\/07\/SURF.jpg 1530w\" sizes=\"(max-width: 768px) 100vw, 768px\" \/>\t\t\t\t\t\t\t\t\t\t\t\t\t\t\t<\/div>\n\t\t\t\t<\/div>\n\t\t\t\t\t<\/div>\n\t\t\t\t<\/div>\n\t\t\t\t<\/div>\n\t\t","protected":false},"excerpt":{"rendered":"<p>Aula de surf em Finisterra \ud83c\udfc4\u200d\u2640 Aulas de grupo (m\u00e1x. 8 pessoas) Perfeito para partilhar a experi\u00eancia em grupo. Dura\u00e7\u00e3o: 2 horas Pre\u00e7os: * 1 aula \u2192 40\u20ac * 2 aulas \u2192 75\u20ac * 3 aulas \u2192 105\u20ac * 4 aulas \u2192 130\u20ac * 5 aulas \u2192 150\u20ac \ud83c\udfc4\ud83c\udffb\u200d\u2642 Aulas particulares Ideal se quiseres uma [&hellip;]<\/p>\n","protected":false},"author":1,"featured_media":2344,"parent":0,"menu_order":0,"comment_status":"closed","ping_status":"closed","template":"","meta":{"footnotes":""},"class_list":["post-2328","page","type-page","status-publish","has-post-thumbnail","hentry"],"_links":{"self":[{"href":"https:\/\/informacionhotelancora.com\/pt-pt\/wp-json\/wp\/v2\/pages\/2328","targetHints":{"allow":["GET"]}}],"collection":[{"href":"https:\/\/informacionhotelancora.com\/pt-pt\/wp-json\/wp\/v2\/pages"}],"about":[{"href":"https:\/\/informacionhotelancora.com\/pt-pt\/wp-json\/wp\/v2\/types\/page"}],"author":[{"embeddable":true,"href":"https:\/\/informacionhotelancora.com\/pt-pt\/wp-json\/wp\/v2\/users\/1"}],"replies":[{"embeddable":true,"href":"https:\/\/informacionhotelancora.com\/pt-pt\/wp-json\/wp\/v2\/comments?post=2328"}],"version-history":[{"count":6,"href":"https:\/\/informacionhotelancora.com\/pt-pt\/wp-json\/wp\/v2\/pages\/2328\/revisions"}],"predecessor-version":[{"id":2610,"href":"https:\/\/informacionhotelancora.com\/pt-pt\/wp-json\/wp\/v2\/pages\/2328\/revisions\/2610"}],"wp:featuredmedia":[{"embeddable":true,"href":"https:\/\/informacionhotelancora.com\/pt-pt\/wp-json\/wp\/v2\/media\/2344"}],"wp:attachment":[{"href":"https:\/\/informacionhotelancora.com\/pt-pt\/wp-json\/wp\/v2\/media?parent=2328"}],"curies":[{"name":"wp","href":"https:\/\/api.w.org\/{rel}","templated":true}]}}