{"id":684,"date":"2024-06-06T17:37:32","date_gmt":"2024-06-06T15:37:32","guid":{"rendered":"https:\/\/informacionhotelancora.com\/taxi\/"},"modified":"2024-06-12T20:21:52","modified_gmt":"2024-06-12T18:21:52","slug":"taxi","status":"publish","type":"page","link":"https:\/\/informacionhotelancora.com\/pt-pt\/taxi\/","title":{"rendered":"T\u00e1xi"},"content":{"rendered":"\t\t<div data-elementor-type=\"wp-page\" data-elementor-id=\"684\" class=\"elementor elementor-684 elementor-409\" data-elementor-post-type=\"page\">\n\t\t\t\t<div class=\"elementor-element elementor-element-b6030a2 e-con-full e-flex e-con e-parent\" data-id=\"b6030a2\" data-element_type=\"container\" data-settings=\"{&quot;jet_parallax_layout_list&quot;:[]}\">\n\t\t<div class=\"elementor-element elementor-element-55f8636 e-con-full e-flex e-con e-child\" data-id=\"55f8636\" data-element_type=\"container\" data-settings=\"{&quot;background_background&quot;:&quot;classic&quot;,&quot;jet_parallax_layout_list&quot;:[]}\">\n\t\t\t\t<div class=\"elementor-element elementor-element-3a1848a elementor-position-inline-start elementor-view-stacked elementor-shape-circle elementor-mobile-position-block-start elementor-widget elementor-widget-icon-box\" data-id=\"3a1848a\" data-element_type=\"widget\" data-widget_type=\"icon-box.default\">\n\t\t\t\t<div class=\"elementor-widget-container\">\n\t\t\t\t\t\t\t<div class=\"elementor-icon-box-wrapper\">\n\n\t\t\t\t\t\t<div class=\"elementor-icon-box-icon\">\n\t\t\t\t<span  class=\"elementor-icon\">\n\t\t\t\t<svg aria-hidden=\"true\" class=\"e-font-icon-svg e-fas-taxi\" viewBox=\"0 0 512 512\" xmlns=\"http:\/\/www.w3.org\/2000\/svg\"><path d=\"M462 241.64l-22-84.84c-9.6-35.2-41.6-60.8-76.8-60.8H352V64c0-17.67-14.33-32-32-32H192c-17.67 0-32 14.33-32 32v32h-11.2c-35.2 0-67.2 25.6-76.8 60.8l-22 84.84C21.41 248.04 0 273.47 0 304v48c0 23.63 12.95 44.04 32 55.12V448c0 17.67 14.33 32 32 32h32c17.67 0 32-14.33 32-32v-32h256v32c0 17.67 14.33 32 32 32h32c17.67 0 32-14.33 32-32v-40.88c19.05-11.09 32-31.5 32-55.12v-48c0-30.53-21.41-55.96-50-62.36zM96 352c-17.67 0-32-14.33-32-32s14.33-32 32-32 32 14.33 32 32-14.33 32-32 32zm20.55-112l17.2-66.36c2.23-8.16 9.59-13.64 15.06-13.64h214.4c5.47 0 12.83 5.48 14.85 12.86L395.45 240h-278.9zM416 352c-17.67 0-32-14.33-32-32s14.33-32 32-32 32 14.33 32 32-14.33 32-32 32z\"><\/path><\/svg>\t\t\t\t<\/span>\n\t\t\t<\/div>\n\t\t\t\n\t\t\t\t\t\t<div class=\"elementor-icon-box-content\">\n\n\t\t\t\t\t\t\t\t\t<h3 class=\"elementor-icon-box-title\">\n\t\t\t\t\t\t<span  >\n\t\t\t\t\t\t\tTelefones para t\u00e1xis\t\t\t\t\t\t<\/span>\n\t\t\t\t\t<\/h3>\n\t\t\t\t\n\t\t\t\t\n\t\t\t<\/div>\n\t\t\t\n\t\t<\/div>\n\t\t\t\t\t\t<\/div>\n\t\t\t\t<\/div>\n\t\t\t\t<div class=\"elementor-element elementor-element-fc437ea elementor-widget elementor-widget-text-editor\" data-id=\"fc437ea\" data-element_type=\"widget\" data-widget_type=\"text-editor.default\">\n\t\t\t\t<div class=\"elementor-widget-container\">\n\t\t\t\t\t\t\t\t\t<p><strong>Telefone da pra\u00e7a de t\u00e1xis:<\/strong> 981 74 02 55<br \/><strong>T\u00e1xi Ram\u00f3n telefone:<\/strong> 685 10 68 98<br \/><strong>T\u00e1xi Roberto telefone:<\/strong> 670 48 71 87<br \/><strong>T\u00e1xi Ismael telefone:<\/strong> 666 86 23 73<br \/><strong>Taxi Marcote telefone:<\/strong> 659 98 36 29<br \/><strong>T\u00e1xi Suso Fisterra telefone:<\/strong> 634 913 825<br \/><strong>Telefone do t\u00e1xi Jeremy:<\/strong> 690 90 73 00<br \/><strong>Telefone do Taxi Vieites:<\/strong> 608 58 32 22 <\/p>\n\t\t\t\t\t\t\t\t<\/div>\n\t\t\t\t<\/div>\n\t\t\t\t<\/div>\n\t\t\t\t<\/div>\n\t\t\t\t<\/div>\n\t\t","protected":false},"excerpt":{"rendered":"<p>Telefones para t\u00e1xis Telefone da pra\u00e7a de t\u00e1xis: 981 74 02 55T\u00e1xi Ram\u00f3n telefone: 685 10 68 98T\u00e1xi Roberto telefone: 670 48 71 87T\u00e1xi Ismael telefone: 666 86 23 73Taxi Marcote telefone: 659 98 36 29T\u00e1xi Suso Fisterra telefone: 634 913 825Telefone do t\u00e1xi Jeremy: 690 90 73 00Telefone do Taxi Vieites: 608 58 32 [&hellip;]<\/p>\n","protected":false},"author":1,"featured_media":685,"parent":0,"menu_order":0,"comment_status":"closed","ping_status":"closed","template":"","meta":{"footnotes":""},"class_list":["post-684","page","type-page","status-publish","has-post-thumbnail","hentry"],"_links":{"self":[{"href":"https:\/\/informacionhotelancora.com\/pt-pt\/wp-json\/wp\/v2\/pages\/684","targetHints":{"allow":["GET"]}}],"collection":[{"href":"https:\/\/informacionhotelancora.com\/pt-pt\/wp-json\/wp\/v2\/pages"}],"about":[{"href":"https:\/\/informacionhotelancora.com\/pt-pt\/wp-json\/wp\/v2\/types\/page"}],"author":[{"embeddable":true,"href":"https:\/\/informacionhotelancora.com\/pt-pt\/wp-json\/wp\/v2\/users\/1"}],"replies":[{"embeddable":true,"href":"https:\/\/informacionhotelancora.com\/pt-pt\/wp-json\/wp\/v2\/comments?post=684"}],"version-history":[{"count":3,"href":"https:\/\/informacionhotelancora.com\/pt-pt\/wp-json\/wp\/v2\/pages\/684\/revisions"}],"predecessor-version":[{"id":1779,"href":"https:\/\/informacionhotelancora.com\/pt-pt\/wp-json\/wp\/v2\/pages\/684\/revisions\/1779"}],"wp:featuredmedia":[{"embeddable":true,"href":"https:\/\/informacionhotelancora.com\/pt-pt\/wp-json\/wp\/v2\/media\/685"}],"wp:attachment":[{"href":"https:\/\/informacionhotelancora.com\/pt-pt\/wp-json\/wp\/v2\/media?parent=684"}],"curies":[{"name":"wp","href":"https:\/\/api.w.org\/{rel}","templated":true}]}}